{"id":943,"date":"2019-12-17T15:27:39","date_gmt":"2019-12-17T14:27:39","guid":{"rendered":"https:\/\/www.thomasbrioche.com\/?page_id=943"},"modified":"2024-11-21T10:17:46","modified_gmt":"2024-11-21T09:17:46","slug":"la-boutique-2","status":"publish","type":"page","link":"https:\/\/www.thomasbrioche.com\/en\/la-boutique\/la-boutique-2\/","title":{"rendered":"ESPACE THOMAS BRIOCHE"},"content":{"rendered":"<h2 class=\"has-text-align-center wp-block-heading\">The widest choice of Brioches and G\u00e2ches<\/h2>\n\n\n\n<p class=\"has-text-align-center\" style=\"font-size:23px\"> At the Espace Thomas Brioche, come and discover the flavours of <strong>brioches and g\u00e2ches Vend\u00e9ennes<\/strong> and local produce. Take advantage of the<a href=\"https:\/\/www.thomasbrioche.com\/en\/snack-area\/\">Snack area<\/a> for your lunch breaks or to sample one of our traditional breads! <\/p>\n\n\n\n<p class=\"has-text-align-center\" style=\"font-size:23px\">Come and meet us from <strong>Monday to Saturday, 7am to 7pm,<\/strong> <\/p>\n\n\n\n<p class=\"has-text-align-center\" style=\"font-size:23px\">at <a href=\"https:\/\/www.thomasbrioche.com\/en\/practical-information\/\">La Mongie Business Park in Les Essarts<\/a> en Bocage (motorway toll roundabout). <\/p>\n\n\n\n<hr class=\"wp-block-separator\"\/>\n\n\n\n<div class=\"wp-block-columns has-2-columns is-layout-flex wp-container-core-columns-is-layout-9d6595d7 wp-block-columns-is-layout-flex\">\n<div class=\"wp-block-column is-layout-flow wp-block-column-is-layout-flow\"><\/div>\n<\/div>\n\n\n\n<div style=\"height:25px\" aria-hidden=\"true\" class=\"wp-block-spacer\"><\/div>\n\n\n\n<div class=\"wp-block-columns has-6-columns is-layout-flex wp-container-core-columns-is-layout-9d6595d7 wp-block-columns-is-layout-flex\">\n<div class=\"wp-block-column is-layout-flow wp-block-column-is-layout-flow\">\n<div class=\"wp-block-image\"><figure class=\"aligncenter is-resized\"><img loading=\"lazy\" decoding=\"async\" src=\"https:\/\/www.thomasbrioche.com\/wp-content\/uploads\/2019\/11\/icon-04-150x150.png\" alt=\"\" class=\"wp-image-506\" width=\"113\" height=\"113\"\/><\/figure><\/div>\n<\/div>\n\n\n\n<div class=\"wp-block-column is-layout-flow wp-block-column-is-layout-flow\">\n<p class=\"has-text-align-center\" style=\"font-size:24px\"><strong>OPEN<\/strong><\/p>\n\n\n\n<p class=\"has-text-align-center\" style=\"font-size:24px\"><strong> MONDAY to SATURDAY<\/strong><\/p>\n\n\n\n<p class=\"has-text-align-center\" style=\"font-size:24px\"><strong>7 a.m. to 7 p.m.<\/strong>  <\/p>\n<\/div>\n\n\n\n<div class=\"wp-block-column is-layout-flow wp-block-column-is-layout-flow\">\n<div class=\"wp-block-image\"><figure class=\"aligncenter is-resized\"><img loading=\"lazy\" decoding=\"async\" src=\"https:\/\/www.thomasbrioche.com\/wp-content\/uploads\/2019\/11\/icon-03-150x150.png\" alt=\"\" class=\"wp-image-507\" width=\"113\" height=\"113\"\/><\/figure><\/div>\n<\/div>\n\n\n\n<div class=\"wp-block-column is-layout-flow wp-block-column-is-layout-flow\">\n<p class=\"has-text-align-center\" style=\"font-size:24px\">Telephone number of our shop : <\/p>\n\n\n\n<p class=\"has-text-align-center\" style=\"font-size:24px\"><strong>02 28 97 99 43<\/strong><\/p>\n<\/div>\n\n\n\n<div class=\"wp-block-column is-layout-flow wp-block-column-is-layout-flow\">\n<div class=\"wp-block-image\"><figure class=\"aligncenter is-resized\"><img loading=\"lazy\" decoding=\"async\" src=\"https:\/\/www.thomasbrioche.com\/wp-content\/uploads\/2019\/11\/icon-02-150x150.png\" alt=\"\" class=\"wp-image-509\" width=\"113\" height=\"113\"\/><\/figure><\/div>\n<\/div>\n\n\n\n<div class=\"wp-block-column is-layout-flow wp-block-column-is-layout-flow\">\n<p class=\"has-text-align-center\" style=\"font-size:22px\"><strong>La Mongie Business Park, Les Essarts<\/strong><\/p>\n\n\n\n<p class=\"has-text-align-center\" style=\"font-size:22px\"><strong>85 140 ESSARTS EN BOCAGE<\/strong><\/p>\n<\/div>\n<\/div>\n\n\n\n<hr class=\"wp-block-separator\"\/>\n\n\n\n<iframe src=\"https:\/\/www.google.com\/maps\/embed?pb=!4v1657029574522!6m8!1m7!1sKxZHL1tn3Rg-kIulPCDTZw!2m2!1d46.78645681048749!2d-1.191368713115395!3f150.22179035046756!4f-0.6753478042673748!5f1.0354621999416618\" width=\"1500\" height=\"500\" style=\"border:0;\" allowfullscreen=\"\" loading=\"lazy\" referrerpolicy=\"no-referrer-when-downgrade\"><\/iframe>\n\n\n\n<iframe loading=\"lazy\" src=\"https:\/\/www.google.com\/maps\/embed?pb=!1m18!1m12!1m3!1d2731.9234583708962!2d-1.1932725838808893!3d46.78611257913874!2m3!1f0!2f0!3f0!3m2!1i1024!2i768!4f13.1!3m3!1m2!1s0x48068723cc099743%3A0xd82da9a50504975e!2sEspace%20Boutique%20Thomas%20Brioches%20Boulangerie%20Snack!5e0!3m2!1sfr!2sfr!4v1572274420393!5m2!1sfr!2sfr\" width=\"1500\" height=\"500\" frameborder=\"0\" style=\"border:0;\" allowfullscreen=\"\"><\/iframe>\n\n\n\n<hr class=\"wp-block-separator\"\/>","protected":false},"excerpt":{"rendered":"<p>Le plus grand choix de Brioches et de G\u00e2ches A l&rsquo;Espace Thomas Brioche, venez d\u00e9couvrir les saveurs des brioches et g\u00e2ches Vend\u00e9ennes et des produits du terroir. Profitez de l&rsquo;Espace Snack pour vos pauses d\u00e9jeuners ou pour d\u00e9guster une de nos traditions boulang\u00e8res ! Venez nous rencontrer du Lundi au Samedi de 7h00 \u00e0 19h00, [&hellip;]<\/p>\n","protected":false},"author":2,"featured_media":574,"parent":490,"menu_order":0,"comment_status":"closed","ping_status":"closed","template":"","meta":{"footnotes":""},"class_list":["post-943","page","type-page","status-publish","has-post-thumbnail","hentry"],"yoast_head":"<!-- This site is optimized with the Yoast SEO plugin v27.5 - https:\/\/yoast.com\/product\/yoast-seo-wordpress\/ -->\n<title>ESPACE BOUTIQUE - ESPACE THOMAS BRIOCHE<\/title>\n<meta name=\"description\" content=\"Venez d\u00e9couvrir les saveurs des brioches et g\u00e2ches Vend\u00e9ennes et des produits du terroir. Le plus grand choix de Brioches, de G\u00e2ches, de Pr\u00e9fous de Vend\u00e9e.\" \/>\n<meta name=\"robots\" content=\"index, follow, max-snippet:-1, max-image-preview:large, max-video-preview:-1\" \/>\n<link rel=\"canonical\" href=\"https:\/\/www.thomasbrioche.com\/en\/the-shop\/la-boutique-2\/\" \/>\n<meta property=\"og:locale\" content=\"en_GB\" \/>\n<meta property=\"og:type\" content=\"article\" \/>\n<meta property=\"og:title\" content=\"ESPACE BOUTIQUE - ESPACE THOMAS BRIOCHE\" \/>\n<meta property=\"og:description\" content=\"Venez d\u00e9couvrir les saveurs des brioches et g\u00e2ches Vend\u00e9ennes et des produits du terroir. Le plus grand choix de Brioches, de G\u00e2ches, de Pr\u00e9fous de Vend\u00e9e.\" \/>\n<meta property=\"og:url\" content=\"https:\/\/www.thomasbrioche.com\/en\/the-shop\/la-boutique-2\/\" \/>\n<meta property=\"og:site_name\" content=\"Thomas Brioche\" \/>\n<meta property=\"article:modified_time\" content=\"2024-11-21T09:17:46+00:00\" \/>\n<meta property=\"og:image\" content=\"https:\/\/www.thomasbrioche.com\/wp-content\/uploads\/2019\/11\/EspaceBoutiqueThomasBrioche-EXTERIEUR-1-1.png\" \/>\n\t<meta property=\"og:image:width\" content=\"832\" \/>\n\t<meta property=\"og:image:height\" content=\"294\" \/>\n\t<meta property=\"og:image:type\" content=\"image\/png\" \/>\n<meta name=\"twitter:card\" content=\"summary_large_image\" \/>\n<meta name=\"twitter:label1\" content=\"Estimated reading time\" \/>\n\t<meta name=\"twitter:data1\" content=\"2 minutes\" \/>\n<script type=\"application\/ld+json\" class=\"yoast-schema-graph\">{\"@context\":\"https:\\\/\\\/schema.org\",\"@graph\":[{\"@type\":\"WebPage\",\"@id\":\"https:\\\/\\\/www.thomasbrioche.com\\\/la-boutique\\\/la-boutique-2\\\/\",\"url\":\"https:\\\/\\\/www.thomasbrioche.com\\\/la-boutique\\\/la-boutique-2\\\/\",\"name\":\"ESPACE BOUTIQUE - ESPACE THOMAS BRIOCHE\",\"isPartOf\":{\"@id\":\"https:\\\/\\\/www.thomasbrioche.com\\\/#website\"},\"primaryImageOfPage\":{\"@id\":\"https:\\\/\\\/www.thomasbrioche.com\\\/la-boutique\\\/la-boutique-2\\\/#primaryimage\"},\"image\":{\"@id\":\"https:\\\/\\\/www.thomasbrioche.com\\\/la-boutique\\\/la-boutique-2\\\/#primaryimage\"},\"thumbnailUrl\":\"https:\\\/\\\/www.thomasbrioche.com\\\/wp-content\\\/uploads\\\/2019\\\/11\\\/EspaceBoutiqueThomasBrioche-EXTERIEUR-1-1.png\",\"datePublished\":\"2019-12-17T14:27:39+00:00\",\"dateModified\":\"2024-11-21T09:17:46+00:00\",\"description\":\"Venez d\u00e9couvrir les saveurs des brioches et g\u00e2ches Vend\u00e9ennes et des produits du terroir. Le plus grand choix de Brioches, de G\u00e2ches, de Pr\u00e9fous de Vend\u00e9e.\",\"breadcrumb\":{\"@id\":\"https:\\\/\\\/www.thomasbrioche.com\\\/la-boutique\\\/la-boutique-2\\\/#breadcrumb\"},\"inLanguage\":\"en-GB\",\"potentialAction\":[{\"@type\":\"ReadAction\",\"target\":[\"https:\\\/\\\/www.thomasbrioche.com\\\/la-boutique\\\/la-boutique-2\\\/\"]}]},{\"@type\":\"ImageObject\",\"inLanguage\":\"en-GB\",\"@id\":\"https:\\\/\\\/www.thomasbrioche.com\\\/la-boutique\\\/la-boutique-2\\\/#primaryimage\",\"url\":\"https:\\\/\\\/www.thomasbrioche.com\\\/wp-content\\\/uploads\\\/2019\\\/11\\\/EspaceBoutiqueThomasBrioche-EXTERIEUR-1-1.png\",\"contentUrl\":\"https:\\\/\\\/www.thomasbrioche.com\\\/wp-content\\\/uploads\\\/2019\\\/11\\\/EspaceBoutiqueThomasBrioche-EXTERIEUR-1-1.png\",\"width\":832,\"height\":294,\"caption\":\"EspaceBoutiqueThomasBrioche-EXTERIEUR-1\"},{\"@type\":\"BreadcrumbList\",\"@id\":\"https:\\\/\\\/www.thomasbrioche.com\\\/la-boutique\\\/la-boutique-2\\\/#breadcrumb\",\"itemListElement\":[{\"@type\":\"ListItem\",\"position\":1,\"name\":\"Accueil\",\"item\":\"https:\\\/\\\/www.thomasbrioche.com\\\/\"},{\"@type\":\"ListItem\",\"position\":2,\"name\":\"ESPACE THOMAS BRIOCHE\",\"item\":\"https:\\\/\\\/www.thomasbrioche.com\\\/la-boutique\\\/\"},{\"@type\":\"ListItem\",\"position\":3,\"name\":\"ESPACE THOMAS BRIOCHE\"}]},{\"@type\":\"WebSite\",\"@id\":\"https:\\\/\\\/www.thomasbrioche.com\\\/#website\",\"url\":\"https:\\\/\\\/www.thomasbrioche.com\\\/\",\"name\":\"Thomas Brioche\",\"description\":\"Plus d&#039;un si\u00e8cle de tradition boulang\u00e8re\",\"potentialAction\":[{\"@type\":\"SearchAction\",\"target\":{\"@type\":\"EntryPoint\",\"urlTemplate\":\"https:\\\/\\\/www.thomasbrioche.com\\\/?s={search_term_string}\"},\"query-input\":{\"@type\":\"PropertyValueSpecification\",\"valueRequired\":true,\"valueName\":\"search_term_string\"}}],\"inLanguage\":\"en-GB\"}]}<\/script>\n<!-- \/ Yoast SEO plugin. -->","yoast_head_json":{"title":"ESPACE BOUTIQUE - ESPACE THOMAS BRIOCHE","description":"Come and discover the flavours of Vend\u00e9e brioches, g\u00e2ches and local products. The largest choice of Brioches, G\u00e2ches and Pr\u00e9fous in the Vend\u00e9e.","robots":{"index":"index","follow":"follow","max-snippet":"max-snippet:-1","max-image-preview":"max-image-preview:large","max-video-preview":"max-video-preview:-1"},"canonical":"https:\/\/www.thomasbrioche.com\/en\/the-shop\/la-boutique-2\/","og_locale":"en_GB","og_type":"article","og_title":"ESPACE BOUTIQUE - ESPACE THOMAS BRIOCHE","og_description":"Venez d\u00e9couvrir les saveurs des brioches et g\u00e2ches Vend\u00e9ennes et des produits du terroir. Le plus grand choix de Brioches, de G\u00e2ches, de Pr\u00e9fous de Vend\u00e9e.","og_url":"https:\/\/www.thomasbrioche.com\/en\/the-shop\/la-boutique-2\/","og_site_name":"Thomas Brioche","article_modified_time":"2024-11-21T09:17:46+00:00","og_image":[{"width":832,"height":294,"url":"https:\/\/www.thomasbrioche.com\/wp-content\/uploads\/2019\/11\/EspaceBoutiqueThomasBrioche-EXTERIEUR-1-1.png","type":"image\/png"}],"twitter_card":"summary_large_image","twitter_misc":{"Estimated reading time":"2 minutes"},"schema":{"@context":"https:\/\/schema.org","@graph":[{"@type":"WebPage","@id":"https:\/\/www.thomasbrioche.com\/la-boutique\/la-boutique-2\/","url":"https:\/\/www.thomasbrioche.com\/la-boutique\/la-boutique-2\/","name":"ESPACE BOUTIQUE - ESPACE THOMAS BRIOCHE","isPartOf":{"@id":"https:\/\/www.thomasbrioche.com\/#website"},"primaryImageOfPage":{"@id":"https:\/\/www.thomasbrioche.com\/la-boutique\/la-boutique-2\/#primaryimage"},"image":{"@id":"https:\/\/www.thomasbrioche.com\/la-boutique\/la-boutique-2\/#primaryimage"},"thumbnailUrl":"https:\/\/www.thomasbrioche.com\/wp-content\/uploads\/2019\/11\/EspaceBoutiqueThomasBrioche-EXTERIEUR-1-1.png","datePublished":"2019-12-17T14:27:39+00:00","dateModified":"2024-11-21T09:17:46+00:00","description":"Come and discover the flavours of Vend\u00e9e brioches, g\u00e2ches and local products. The largest choice of Brioches, G\u00e2ches and Pr\u00e9fous in the Vend\u00e9e.","breadcrumb":{"@id":"https:\/\/www.thomasbrioche.com\/la-boutique\/la-boutique-2\/#breadcrumb"},"inLanguage":"en-GB","potentialAction":[{"@type":"ReadAction","target":["https:\/\/www.thomasbrioche.com\/la-boutique\/la-boutique-2\/"]}]},{"@type":"ImageObject","inLanguage":"en-GB","@id":"https:\/\/www.thomasbrioche.com\/la-boutique\/la-boutique-2\/#primaryimage","url":"https:\/\/www.thomasbrioche.com\/wp-content\/uploads\/2019\/11\/EspaceBoutiqueThomasBrioche-EXTERIEUR-1-1.png","contentUrl":"https:\/\/www.thomasbrioche.com\/wp-content\/uploads\/2019\/11\/EspaceBoutiqueThomasBrioche-EXTERIEUR-1-1.png","width":832,"height":294,"caption":"EspaceBoutiqueThomasBrioche-EXTERIEUR-1"},{"@type":"BreadcrumbList","@id":"https:\/\/www.thomasbrioche.com\/la-boutique\/la-boutique-2\/#breadcrumb","itemListElement":[{"@type":"ListItem","position":1,"name":"Accueil","item":"https:\/\/www.thomasbrioche.com\/"},{"@type":"ListItem","position":2,"name":"ESPACE THOMAS BRIOCHE","item":"https:\/\/www.thomasbrioche.com\/la-boutique\/"},{"@type":"ListItem","position":3,"name":"ESPACE THOMAS BRIOCHE"}]},{"@type":"WebSite","@id":"https:\/\/www.thomasbrioche.com\/#website","url":"https:\/\/www.thomasbrioche.com\/","name":"Thomas Brioche","description":"Over a century of baking tradition","potentialAction":[{"@type":"SearchAction","target":{"@type":"EntryPoint","urlTemplate":"https:\/\/www.thomasbrioche.com\/?s={search_term_string}"},"query-input":{"@type":"PropertyValueSpecification","valueRequired":true,"valueName":"search_term_string"}}],"inLanguage":"en-GB"}]}},"_links":{"self":[{"href":"https:\/\/www.thomasbrioche.com\/en\/wp-json\/wp\/v2\/pages\/943","targetHints":{"allow":["GET"]}}],"collection":[{"href":"https:\/\/www.thomasbrioche.com\/en\/wp-json\/wp\/v2\/pages"}],"about":[{"href":"https:\/\/www.thomasbrioche.com\/en\/wp-json\/wp\/v2\/types\/page"}],"author":[{"embeddable":true,"href":"https:\/\/www.thomasbrioche.com\/en\/wp-json\/wp\/v2\/users\/2"}],"replies":[{"embeddable":true,"href":"https:\/\/www.thomasbrioche.com\/en\/wp-json\/wp\/v2\/comments?post=943"}],"version-history":[{"count":26,"href":"https:\/\/www.thomasbrioche.com\/en\/wp-json\/wp\/v2\/pages\/943\/revisions"}],"predecessor-version":[{"id":3592,"href":"https:\/\/www.thomasbrioche.com\/en\/wp-json\/wp\/v2\/pages\/943\/revisions\/3592"}],"up":[{"embeddable":true,"href":"https:\/\/www.thomasbrioche.com\/en\/wp-json\/wp\/v2\/pages\/490"}],"wp:featuredmedia":[{"embeddable":true,"href":"https:\/\/www.thomasbrioche.com\/en\/wp-json\/wp\/v2\/media\/574"}],"wp:attachment":[{"href":"https:\/\/www.thomasbrioche.com\/en\/wp-json\/wp\/v2\/media?parent=943"}],"curies":[{"name":"wp","href":"https:\/\/api.w.org\/{rel}","templated":true}]}}