{"id":83,"date":"2019-08-28T10:18:00","date_gmt":"2019-08-28T08:18:00","guid":{"rendered":"https:\/\/www.thomasbrioche.com\/?page_id=83"},"modified":"2022-06-22T11:35:16","modified_gmt":"2022-06-22T09:35:16","slug":"shop-area","status":"publish","type":"page","link":"https:\/\/www.thomasbrioche.com\/en\/espace-boutique\/","title":{"rendered":"SHOP AREA"},"content":{"rendered":"<div class=\"wp-block-columns has-2-columns is-layout-flex wp-container-core-columns-is-layout-9d6595d7 wp-block-columns-is-layout-flex\">\n<div class=\"wp-block-column is-layout-flow wp-block-column-is-layout-flow\">\n<div class=\"wp-block-columns has-2-columns is-layout-flex wp-container-core-columns-is-layout-9d6595d7 wp-block-columns-is-layout-flex\">\n<div class=\"wp-block-column is-layout-flow wp-block-column-is-layout-flow\">\n<div class=\"wp-block-button aligncenter\"><a class=\"wp-block-button__link has-background\" style=\"background-color:#862633\"><strong>SNACK area<\/strong><\/a><\/div>\n<\/div>\n\n\n\n<div class=\"wp-block-column is-layout-flow wp-block-column-is-layout-flow\">\n<div class=\"wp-block-button aligncenter\"><a class=\"wp-block-button__link has-background\" style=\"background-color:#862633\"><strong>SHOP AREA<\/strong><\/a><\/div>\n\n\n\n<div class=\"wp-block-button aligncenter\"><a class=\"wp-block-button__link has-background\" style=\"background-color:#862633\"><strong>FESTIVE BUNS<\/strong><\/a><\/div>\n<\/div>\n<\/div>\n<\/div>\n\n\n\n<div class=\"wp-block-column is-layout-flow wp-block-column-is-layout-flow\">\n<div class=\"wp-block-columns has-2-columns is-layout-flex wp-container-core-columns-is-layout-9d6595d7 wp-block-columns-is-layout-flex\">\n<div class=\"wp-block-column is-layout-flow wp-block-column-is-layout-flow\">\n<div class=\"wp-block-button aligncenter\"><a class=\"wp-block-button__link has-background\" style=\"background-color:#862633\"><strong>OUR SERVICES<\/strong><\/a><\/div>\n<\/div>\n\n\n\n<div class=\"wp-block-column is-layout-flow wp-block-column-is-layout-flow\">\n<p><\/p>\n<\/div>\n<\/div>\n<\/div>\n<\/div>\n\n\n\n<iframe loading=\"lazy\" src=\"https:\/\/www.google.com\/maps\/embed?pb=!1m18!1m12!1m3!1d2731.9234583708962!2d-1.1932725838808893!3d46.78611257913874!2m3!1f0!2f0!3f0!3m2!1i1024!2i768!4f13.1!3m3!1m2!1s0x48068723cc099743%3A0xd82da9a50504975e!2sEspace%20Boutique%20Thomas%20Brioches%20Boulangerie%20Snack!5e0!3m2!1sfr!2sfr!4v1572274420393!5m2!1sfr!2sfr\" width=\"1500\" height=\"500\" frameborder=\"0\" style=\"border:0;\" allowfullscreen=\"\"><\/iframe>\n\n\n\n<div style=\"height:55px\" aria-hidden=\"true\" class=\"wp-block-spacer\"><\/div>\n\n\n\n<div class=\"wp-block-columns has-6-columns is-layout-flex wp-container-core-columns-is-layout-9d6595d7 wp-block-columns-is-layout-flex\">\n<div class=\"wp-block-column is-layout-flow wp-block-column-is-layout-flow\">\n<div class=\"wp-block-image\"><figure class=\"aligncenter is-resized\"><img loading=\"lazy\" decoding=\"async\" src=\"https:\/\/www.thomasbrioche.com\/wp-content\/uploads\/2019\/11\/icon-04-150x150.png\" alt=\"\" class=\"wp-image-506\" width=\"113\" height=\"113\"\/><\/figure><\/div>\n<\/div>\n\n\n\n<div class=\"wp-block-column is-layout-flow wp-block-column-is-layout-flow\">\n<p class=\"has-text-align-center\" style=\"font-size:24px\"><strong>OPEN<\/strong><\/p>\n\n\n\n<p class=\"has-text-align-center\" style=\"font-size:24px\"><strong> MONDAY to SATURDAY<\/strong><\/p>\n\n\n\n<p class=\"has-text-align-center\" style=\"font-size:24px\"><strong>7 a.m. to 7 p.m.<\/strong>  <\/p>\n<\/div>\n\n\n\n<div class=\"wp-block-column is-layout-flow wp-block-column-is-layout-flow\">\n<div class=\"wp-block-image\"><figure class=\"aligncenter is-resized\"><img loading=\"lazy\" decoding=\"async\" src=\"https:\/\/www.thomasbrioche.com\/wp-content\/uploads\/2019\/11\/icon-03-150x150.png\" alt=\"\" class=\"wp-image-507\" width=\"113\" height=\"113\"\/><\/figure><\/div>\n<\/div>\n\n\n\n<div class=\"wp-block-column is-layout-flow wp-block-column-is-layout-flow\">\n<p class=\"has-text-align-center\" style=\"font-size:24px\">Telephone number of our shop : <\/p>\n\n\n\n<p class=\"has-text-align-center\" style=\"font-size:24px\"><strong>02 28 97 99 43<\/strong><\/p>\n<\/div>\n\n\n\n<div class=\"wp-block-column is-layout-flow wp-block-column-is-layout-flow\">\n<div class=\"wp-block-image\"><figure class=\"aligncenter is-resized\"><img loading=\"lazy\" decoding=\"async\" src=\"https:\/\/www.thomasbrioche.com\/wp-content\/uploads\/2019\/11\/icon-02-150x150.png\" alt=\"\" class=\"wp-image-509\" width=\"113\" height=\"113\"\/><\/figure><\/div>\n<\/div>\n\n\n\n<div class=\"wp-block-column is-layout-flow wp-block-column-is-layout-flow\">\n<p class=\"has-text-align-center\" style=\"font-size:22px\"><strong>La Mongie Business Park, Les Essarts<\/strong><\/p>\n\n\n\n<p class=\"has-text-align-center\" style=\"font-size:22px\"><strong>85 140 ESSARTS EN BOCAGE<\/strong><\/p>\n<\/div>\n<\/div>\n\n\n\n<hr class=\"wp-block-separator\"\/>\n\n\n\n<iframe loading=\"lazy\" src=\"https:\/\/www.google.com\/maps\/embed?pb=!1m18!1m12!1m3!1d2731.9234583708962!2d-1.1932725838808893!3d46.78611257913874!2m3!1f0!2f0!3f0!3m2!1i1024!2i768!4f13.1!3m3!1m2!1s0x48068723cc099743%3A0xd82da9a50504975e!2sEspace%20Boutique%20Thomas%20Brioches%20Boulangerie%20Snack!5e0!3m2!1sfr!2sfr!4v1572274420393!5m2!1sfr!2sfr\" width=\"1500\" height=\"500\" frameborder=\"0\" style=\"border:0;\" allowfullscreen=\"\"><\/iframe>\n\n\n\n<hr class=\"wp-block-separator\"\/>","protected":false},"excerpt":{"rendered":"<p>In the Thomas Brioche Shop, come and discover the flavours of Vend\u00e9e brioches and g\u00e2ches and local products. Take advantage of the Snack Area for your lunch breaks or to sample one of our traditional bakery products!<\/p>\n<p>Come and meet us Monday to Saturday from 7am to 7pm, at the Parc d'Activit\u00e9 de la Mongie in Les Essarts en Bocage (roundabout motorway toll booth).<\/p>","protected":false},"author":2,"featured_media":286,"parent":0,"menu_order":0,"comment_status":"closed","ping_status":"closed","template":"","meta":{"footnotes":""},"class_list":["post-83","page","type-page","status-publish","has-post-thumbnail","hentry"],"yoast_head":"<!-- This site is optimized with the Yoast SEO plugin v27.6 - https:\/\/yoast.com\/product\/yoast-seo-wordpress\/ -->\n<title>ESPACE THOMAS BRIOCHE - BOULANGERIE BOUTIQUE SNACK<\/title>\n<meta name=\"description\" content=\"Le plus grand choix de Brioches et de G\u00e2ches Vend\u00e9ennes \u00e0 votre ESPACE THOMAS BRIOCHE - DEGUSTATION BOUTIQUE BOULANGERIE ET SNACK.\" \/>\n<meta name=\"robots\" content=\"index, follow, max-snippet:-1, max-image-preview:large, max-video-preview:-1\" \/>\n<link rel=\"canonical\" href=\"https:\/\/www.thomasbrioche.com\/en\/shop-area\/\" \/>\n<meta property=\"og:locale\" content=\"en_GB\" \/>\n<meta property=\"og:type\" content=\"article\" \/>\n<meta property=\"og:title\" content=\"ESPACE THOMAS BRIOCHE - BOULANGERIE BOUTIQUE SNACK\" \/>\n<meta property=\"og:description\" content=\"Le plus grand choix de Brioches et de G\u00e2ches Vend\u00e9ennes \u00e0 votre ESPACE THOMAS BRIOCHE - DEGUSTATION BOUTIQUE BOULANGERIE ET SNACK.\" \/>\n<meta property=\"og:url\" content=\"https:\/\/www.thomasbrioche.com\/en\/shop-area\/\" \/>\n<meta property=\"og:site_name\" content=\"Thomas Brioche\" \/>\n<meta property=\"article:modified_time\" content=\"2022-06-22T09:35:16+00:00\" \/>\n<meta property=\"og:image\" content=\"https:\/\/www.thomasbrioche.com\/wp-content\/uploads\/2019\/09\/espace-boutique.jpg\" \/>\n\t<meta property=\"og:image:width\" content=\"763\" \/>\n\t<meta property=\"og:image:height\" content=\"314\" \/>\n\t<meta property=\"og:image:type\" content=\"image\/jpeg\" \/>\n<meta name=\"twitter:card\" content=\"summary_large_image\" \/>\n<meta name=\"twitter:label1\" content=\"Estimated reading time\" \/>\n\t<meta name=\"twitter:data1\" content=\"1 minute\" \/>\n<script type=\"application\/ld+json\" class=\"yoast-schema-graph\">{\"@context\":\"https:\\\/\\\/schema.org\",\"@graph\":[{\"@type\":\"WebPage\",\"@id\":\"https:\\\/\\\/www.thomasbrioche.com\\\/espace-boutique\\\/\",\"url\":\"https:\\\/\\\/www.thomasbrioche.com\\\/espace-boutique\\\/\",\"name\":\"ESPACE THOMAS BRIOCHE - BOULANGERIE BOUTIQUE SNACK\",\"isPartOf\":{\"@id\":\"https:\\\/\\\/www.thomasbrioche.com\\\/#website\"},\"primaryImageOfPage\":{\"@id\":\"https:\\\/\\\/www.thomasbrioche.com\\\/espace-boutique\\\/#primaryimage\"},\"image\":{\"@id\":\"https:\\\/\\\/www.thomasbrioche.com\\\/espace-boutique\\\/#primaryimage\"},\"thumbnailUrl\":\"https:\\\/\\\/www.thomasbrioche.com\\\/wp-content\\\/uploads\\\/2019\\\/09\\\/espace-boutique.jpg\",\"datePublished\":\"2019-08-28T08:18:00+00:00\",\"dateModified\":\"2022-06-22T09:35:16+00:00\",\"description\":\"Le plus grand choix de Brioches et de G\u00e2ches Vend\u00e9ennes \u00e0 votre ESPACE THOMAS BRIOCHE - DEGUSTATION BOUTIQUE BOULANGERIE ET SNACK.\",\"breadcrumb\":{\"@id\":\"https:\\\/\\\/www.thomasbrioche.com\\\/espace-boutique\\\/#breadcrumb\"},\"inLanguage\":\"en-GB\",\"potentialAction\":[{\"@type\":\"ReadAction\",\"target\":[\"https:\\\/\\\/www.thomasbrioche.com\\\/espace-boutique\\\/\"]}]},{\"@type\":\"ImageObject\",\"inLanguage\":\"en-GB\",\"@id\":\"https:\\\/\\\/www.thomasbrioche.com\\\/espace-boutique\\\/#primaryimage\",\"url\":\"https:\\\/\\\/www.thomasbrioche.com\\\/wp-content\\\/uploads\\\/2019\\\/09\\\/espace-boutique.jpg\",\"contentUrl\":\"https:\\\/\\\/www.thomasbrioche.com\\\/wp-content\\\/uploads\\\/2019\\\/09\\\/espace-boutique.jpg\",\"width\":763,\"height\":314},{\"@type\":\"BreadcrumbList\",\"@id\":\"https:\\\/\\\/www.thomasbrioche.com\\\/espace-boutique\\\/#breadcrumb\",\"itemListElement\":[{\"@type\":\"ListItem\",\"position\":1,\"name\":\"Accueil\",\"item\":\"https:\\\/\\\/www.thomasbrioche.com\\\/\"},{\"@type\":\"ListItem\",\"position\":2,\"name\":\"ESPACE BOUTIQUE\"}]},{\"@type\":\"WebSite\",\"@id\":\"https:\\\/\\\/www.thomasbrioche.com\\\/#website\",\"url\":\"https:\\\/\\\/www.thomasbrioche.com\\\/\",\"name\":\"Thomas Brioche\",\"description\":\"Plus d&#039;un si\u00e8cle de tradition boulang\u00e8re\",\"potentialAction\":[{\"@type\":\"SearchAction\",\"target\":{\"@type\":\"EntryPoint\",\"urlTemplate\":\"https:\\\/\\\/www.thomasbrioche.com\\\/?s={search_term_string}\"},\"query-input\":{\"@type\":\"PropertyValueSpecification\",\"valueRequired\":true,\"valueName\":\"search_term_string\"}}],\"inLanguage\":\"en-GB\"}]}<\/script>\n<!-- \/ Yoast SEO plugin. -->","yoast_head_json":{"title":"ESPACE THOMAS BRIOCHE - BAKERY SNACK SHOP","description":"The widest choice of Brioches and G\u00e2ches Vend\u00e9ennes at your ESPACE THOMAS BRIOCHE - DEGUSTATION BOULANGERIE ET SNACK.","robots":{"index":"index","follow":"follow","max-snippet":"max-snippet:-1","max-image-preview":"max-image-preview:large","max-video-preview":"max-video-preview:-1"},"canonical":"https:\/\/www.thomasbrioche.com\/en\/shop-area\/","og_locale":"en_GB","og_type":"article","og_title":"ESPACE THOMAS BRIOCHE - BOULANGERIE BOUTIQUE SNACK","og_description":"Le plus grand choix de Brioches et de G\u00e2ches Vend\u00e9ennes \u00e0 votre ESPACE THOMAS BRIOCHE - DEGUSTATION BOUTIQUE BOULANGERIE ET SNACK.","og_url":"https:\/\/www.thomasbrioche.com\/en\/shop-area\/","og_site_name":"Thomas Brioche","article_modified_time":"2022-06-22T09:35:16+00:00","og_image":[{"width":763,"height":314,"url":"https:\/\/www.thomasbrioche.com\/wp-content\/uploads\/2019\/09\/espace-boutique.jpg","type":"image\/jpeg"}],"twitter_card":"summary_large_image","twitter_misc":{"Estimated reading time":"1 minute"},"schema":{"@context":"https:\/\/schema.org","@graph":[{"@type":"WebPage","@id":"https:\/\/www.thomasbrioche.com\/espace-boutique\/","url":"https:\/\/www.thomasbrioche.com\/espace-boutique\/","name":"ESPACE THOMAS BRIOCHE - BAKERY SNACK SHOP","isPartOf":{"@id":"https:\/\/www.thomasbrioche.com\/#website"},"primaryImageOfPage":{"@id":"https:\/\/www.thomasbrioche.com\/espace-boutique\/#primaryimage"},"image":{"@id":"https:\/\/www.thomasbrioche.com\/espace-boutique\/#primaryimage"},"thumbnailUrl":"https:\/\/www.thomasbrioche.com\/wp-content\/uploads\/2019\/09\/espace-boutique.jpg","datePublished":"2019-08-28T08:18:00+00:00","dateModified":"2022-06-22T09:35:16+00:00","description":"The widest choice of Brioches and G\u00e2ches Vend\u00e9ennes at your ESPACE THOMAS BRIOCHE - DEGUSTATION BOULANGERIE ET SNACK.","breadcrumb":{"@id":"https:\/\/www.thomasbrioche.com\/espace-boutique\/#breadcrumb"},"inLanguage":"en-GB","potentialAction":[{"@type":"ReadAction","target":["https:\/\/www.thomasbrioche.com\/espace-boutique\/"]}]},{"@type":"ImageObject","inLanguage":"en-GB","@id":"https:\/\/www.thomasbrioche.com\/espace-boutique\/#primaryimage","url":"https:\/\/www.thomasbrioche.com\/wp-content\/uploads\/2019\/09\/espace-boutique.jpg","contentUrl":"https:\/\/www.thomasbrioche.com\/wp-content\/uploads\/2019\/09\/espace-boutique.jpg","width":763,"height":314},{"@type":"BreadcrumbList","@id":"https:\/\/www.thomasbrioche.com\/espace-boutique\/#breadcrumb","itemListElement":[{"@type":"ListItem","position":1,"name":"Accueil","item":"https:\/\/www.thomasbrioche.com\/"},{"@type":"ListItem","position":2,"name":"ESPACE BOUTIQUE"}]},{"@type":"WebSite","@id":"https:\/\/www.thomasbrioche.com\/#website","url":"https:\/\/www.thomasbrioche.com\/","name":"Thomas Brioche","description":"Over a century of baking tradition","potentialAction":[{"@type":"SearchAction","target":{"@type":"EntryPoint","urlTemplate":"https:\/\/www.thomasbrioche.com\/?s={search_term_string}"},"query-input":{"@type":"PropertyValueSpecification","valueRequired":true,"valueName":"search_term_string"}}],"inLanguage":"en-GB"}]}},"_links":{"self":[{"href":"https:\/\/www.thomasbrioche.com\/en\/wp-json\/wp\/v2\/pages\/83","targetHints":{"allow":["GET"]}}],"collection":[{"href":"https:\/\/www.thomasbrioche.com\/en\/wp-json\/wp\/v2\/pages"}],"about":[{"href":"https:\/\/www.thomasbrioche.com\/en\/wp-json\/wp\/v2\/types\/page"}],"author":[{"embeddable":true,"href":"https:\/\/www.thomasbrioche.com\/en\/wp-json\/wp\/v2\/users\/2"}],"replies":[{"embeddable":true,"href":"https:\/\/www.thomasbrioche.com\/en\/wp-json\/wp\/v2\/comments?post=83"}],"version-history":[{"count":25,"href":"https:\/\/www.thomasbrioche.com\/en\/wp-json\/wp\/v2\/pages\/83\/revisions"}],"predecessor-version":[{"id":6556,"href":"https:\/\/www.thomasbrioche.com\/en\/wp-json\/wp\/v2\/pages\/83\/revisions\/6556"}],"wp:featuredmedia":[{"embeddable":true,"href":"https:\/\/www.thomasbrioche.com\/en\/wp-json\/wp\/v2\/media\/286"}],"wp:attachment":[{"href":"https:\/\/www.thomasbrioche.com\/en\/wp-json\/wp\/v2\/media?parent=83"}],"curies":[{"name":"wp","href":"https:\/\/api.w.org\/{rel}","templated":true}]}}