{"id":496,"date":"2019-11-27T14:20:17","date_gmt":"2019-11-27T13:20:17","guid":{"rendered":"https:\/\/www.thomasbrioche.com\/?page_id=496"},"modified":"2023-06-29T10:44:42","modified_gmt":"2023-06-29T08:44:42","slug":"practical-information","status":"publish","type":"page","link":"https:\/\/www.thomasbrioche.com\/en\/infos-pratiques\/","title":{"rendered":"CONTACT US!"},"content":{"rendered":"<div style=\"height:55px\" aria-hidden=\"true\" class=\"wp-block-spacer\"><\/div>\n\n\n\n<div class=\"wp-block-columns has-6-columns is-layout-flex wp-container-core-columns-is-layout-9d6595d7 wp-block-columns-is-layout-flex\">\n<div class=\"wp-block-column is-layout-flow wp-block-column-is-layout-flow\"><div class=\"wp-block-image\">\n<figure class=\"aligncenter is-resized\"><img loading=\"lazy\" decoding=\"async\" src=\"https:\/\/www.thomasbrioche.com\/wp-content\/uploads\/2019\/11\/icon-04-150x150.png\" alt=\"\" class=\"wp-image-506\" width=\"113\" height=\"113\"\/><\/figure>\n<\/div><\/div>\n\n\n\n<div class=\"wp-block-column is-layout-flow wp-block-column-is-layout-flow\">\n<p class=\"has-text-align-center\" style=\"font-size:24px\"><strong>OPEN<\/strong><\/p>\n\n\n\n<p class=\"has-text-align-center\" style=\"font-size:24px\"><strong> MONDAY to SATURDAY<\/strong><\/p>\n\n\n\n<p class=\"has-text-align-center\" style=\"font-size:24px\"><strong>7 a.m. to 7 p.m.<\/strong>  <\/p>\n<\/div>\n\n\n\n<div class=\"wp-block-column is-layout-flow wp-block-column-is-layout-flow\"><div class=\"wp-block-image\">\n<figure class=\"aligncenter is-resized\"><img loading=\"lazy\" decoding=\"async\" src=\"https:\/\/www.thomasbrioche.com\/wp-content\/uploads\/2019\/11\/icon-03-150x150.png\" alt=\"\" class=\"wp-image-507\" width=\"113\" height=\"113\"\/><\/figure>\n<\/div><\/div>\n\n\n\n<div class=\"wp-block-column is-layout-flow wp-block-column-is-layout-flow\">\n<p class=\"has-text-align-center\" style=\"font-size:24px\">Telephone number of our shop : <\/p>\n\n\n\n<p class=\"has-text-align-center\" style=\"font-size:24px\"><strong>02 28 97 99 43<\/strong><\/p>\n<\/div>\n\n\n\n<div class=\"wp-block-column is-layout-flow wp-block-column-is-layout-flow\"><div class=\"wp-block-image\">\n<figure class=\"aligncenter is-resized\"><img loading=\"lazy\" decoding=\"async\" src=\"https:\/\/www.thomasbrioche.com\/wp-content\/uploads\/2019\/11\/icon-02-150x150.png\" alt=\"\" class=\"wp-image-509\" width=\"113\" height=\"113\"\/><\/figure>\n<\/div><\/div>\n\n\n\n<div class=\"wp-block-column is-layout-flow wp-block-column-is-layout-flow\">\n<p class=\"has-text-align-center\" style=\"font-size:22px\"><strong>La Mongie Business Park, Les Essarts<\/strong><\/p>\n\n\n\n<p class=\"has-text-align-center\" style=\"font-size:22px\"><strong>85 140 ESSARTS EN BOCAGE<\/strong><\/p>\n<\/div>\n<\/div>\n\n\n\n<hr class=\"wp-block-separator has-css-opacity\"\/>\n\n\n\n<iframe src=\"https:\/\/www.google.com\/maps\/embed?pb=!4v1657029574522!6m8!1m7!1sKxZHL1tn3Rg-kIulPCDTZw!2m2!1d46.78645681048749!2d-1.191368713115395!3f150.22179035046756!4f-0.6753478042673748!5f1.0354621999416618\" width=\"1500\" height=\"500\" style=\"border:0;\" allowfullscreen=\"\" loading=\"lazy\" referrerpolicy=\"no-referrer-when-downgrade\"><\/iframe>\n\n\n\n<iframe loading=\"lazy\" src=\"https:\/\/www.google.com\/maps\/embed?pb=!1m18!1m12!1m3!1d2731.9234583708962!2d-1.1932725838808893!3d46.78611257913874!2m3!1f0!2f0!3f0!3m2!1i1024!2i768!4f13.1!3m3!1m2!1s0x48068723cc099743%3A0xd82da9a50504975e!2sEspace%20Boutique%20Thomas%20Brioches%20Boulangerie%20Snack!5e0!3m2!1sfr!2sfr!4v1572274420393!5m2!1sfr!2sfr\" width=\"1500\" height=\"500\" frameborder=\"0\" style=\"border:0;\" allowfullscreen=\"\"><\/iframe>\n\n\n\n<hr class=\"wp-block-separator has-css-opacity\"\/>","protected":false},"excerpt":{"rendered":"<p>OPEN MONDAY TO SATURDAY 7am to 7pm Shop telephone number: 02 28 97 99 43 Parc d'Activit\u00e9s de la Mongie, Les Essarts 85 140 ESSARTS EN BOCAGE<\/p>","protected":false},"author":2,"featured_media":0,"parent":0,"menu_order":0,"comment_status":"closed","ping_status":"closed","template":"","meta":{"footnotes":""},"class_list":["post-496","page","type-page","status-publish","hentry"],"yoast_head":"<!-- This site is optimized with the Yoast SEO plugin v27.5 - https:\/\/yoast.com\/product\/yoast-seo-wordpress\/ -->\n<title>CONTACTEZ-NOUS! - Thomas Brioche<\/title>\n<meta name=\"robots\" content=\"index, follow, max-snippet:-1, max-image-preview:large, max-video-preview:-1\" \/>\n<link rel=\"canonical\" href=\"https:\/\/www.thomasbrioche.com\/en\/practical-information\/\" \/>\n<meta property=\"og:locale\" content=\"en_GB\" \/>\n<meta property=\"og:type\" content=\"article\" \/>\n<meta property=\"og:title\" content=\"CONTACTEZ-NOUS! - Thomas Brioche\" \/>\n<meta property=\"og:description\" content=\"OUVERT DU LUNDI au SAMEDI De 7h00 \u00e0 19h00 Num\u00e9ro de t\u00e9l\u00e9phone de notre boutique : 02 28 97 99 43 Parc d&rsquo;Activit\u00e9s de la Mongie, Les Essarts 85 140 ESSARTS EN BOCAGE\" \/>\n<meta property=\"og:url\" content=\"https:\/\/www.thomasbrioche.com\/en\/practical-information\/\" \/>\n<meta property=\"og:site_name\" content=\"Thomas Brioche\" \/>\n<meta property=\"article:modified_time\" content=\"2023-06-29T08:44:42+00:00\" \/>\n<meta property=\"og:image\" content=\"https:\/\/www.thomasbrioche.com\/wp-content\/uploads\/2019\/11\/icon-04-150x150.png\" \/>\n<meta name=\"twitter:card\" content=\"summary_large_image\" \/>\n<meta name=\"twitter:label1\" content=\"Estimated reading time\" \/>\n\t<meta name=\"twitter:data1\" content=\"1 minute\" \/>\n<script type=\"application\/ld+json\" class=\"yoast-schema-graph\">{\"@context\":\"https:\\\/\\\/schema.org\",\"@graph\":[{\"@type\":\"WebPage\",\"@id\":\"https:\\\/\\\/www.thomasbrioche.com\\\/infos-pratiques\\\/\",\"url\":\"https:\\\/\\\/www.thomasbrioche.com\\\/infos-pratiques\\\/\",\"name\":\"CONTACTEZ-NOUS! - Thomas Brioche\",\"isPartOf\":{\"@id\":\"https:\\\/\\\/www.thomasbrioche.com\\\/#website\"},\"primaryImageOfPage\":{\"@id\":\"https:\\\/\\\/www.thomasbrioche.com\\\/infos-pratiques\\\/#primaryimage\"},\"image\":{\"@id\":\"https:\\\/\\\/www.thomasbrioche.com\\\/infos-pratiques\\\/#primaryimage\"},\"thumbnailUrl\":\"https:\\\/\\\/www.thomasbrioche.com\\\/wp-content\\\/uploads\\\/2019\\\/11\\\/icon-04-150x150.png\",\"datePublished\":\"2019-11-27T13:20:17+00:00\",\"dateModified\":\"2023-06-29T08:44:42+00:00\",\"breadcrumb\":{\"@id\":\"https:\\\/\\\/www.thomasbrioche.com\\\/infos-pratiques\\\/#breadcrumb\"},\"inLanguage\":\"en-GB\",\"potentialAction\":[{\"@type\":\"ReadAction\",\"target\":[\"https:\\\/\\\/www.thomasbrioche.com\\\/infos-pratiques\\\/\"]}]},{\"@type\":\"ImageObject\",\"inLanguage\":\"en-GB\",\"@id\":\"https:\\\/\\\/www.thomasbrioche.com\\\/infos-pratiques\\\/#primaryimage\",\"url\":\"https:\\\/\\\/www.thomasbrioche.com\\\/wp-content\\\/uploads\\\/2019\\\/11\\\/icon-04-150x150.png\",\"contentUrl\":\"https:\\\/\\\/www.thomasbrioche.com\\\/wp-content\\\/uploads\\\/2019\\\/11\\\/icon-04-150x150.png\"},{\"@type\":\"BreadcrumbList\",\"@id\":\"https:\\\/\\\/www.thomasbrioche.com\\\/infos-pratiques\\\/#breadcrumb\",\"itemListElement\":[{\"@type\":\"ListItem\",\"position\":1,\"name\":\"Accueil\",\"item\":\"https:\\\/\\\/www.thomasbrioche.com\\\/\"},{\"@type\":\"ListItem\",\"position\":2,\"name\":\"CONTACTEZ-NOUS!\"}]},{\"@type\":\"WebSite\",\"@id\":\"https:\\\/\\\/www.thomasbrioche.com\\\/#website\",\"url\":\"https:\\\/\\\/www.thomasbrioche.com\\\/\",\"name\":\"Thomas Brioche\",\"description\":\"Plus d&#039;un si\u00e8cle de tradition boulang\u00e8re\",\"potentialAction\":[{\"@type\":\"SearchAction\",\"target\":{\"@type\":\"EntryPoint\",\"urlTemplate\":\"https:\\\/\\\/www.thomasbrioche.com\\\/?s={search_term_string}\"},\"query-input\":{\"@type\":\"PropertyValueSpecification\",\"valueRequired\":true,\"valueName\":\"search_term_string\"}}],\"inLanguage\":\"en-GB\"}]}<\/script>\n<!-- \/ Yoast SEO plugin. -->","yoast_head_json":{"title":"CONTACT US! - Thomas Brioche","robots":{"index":"index","follow":"follow","max-snippet":"max-snippet:-1","max-image-preview":"max-image-preview:large","max-video-preview":"max-video-preview:-1"},"canonical":"https:\/\/www.thomasbrioche.com\/en\/practical-information\/","og_locale":"en_GB","og_type":"article","og_title":"CONTACTEZ-NOUS! - Thomas Brioche","og_description":"OUVERT DU LUNDI au SAMEDI De 7h00 \u00e0 19h00 Num\u00e9ro de t\u00e9l\u00e9phone de notre boutique : 02 28 97 99 43 Parc d&rsquo;Activit\u00e9s de la Mongie, Les Essarts 85 140 ESSARTS EN BOCAGE","og_url":"https:\/\/www.thomasbrioche.com\/en\/practical-information\/","og_site_name":"Thomas Brioche","article_modified_time":"2023-06-29T08:44:42+00:00","og_image":[{"url":"https:\/\/www.thomasbrioche.com\/wp-content\/uploads\/2019\/11\/icon-04-150x150.png","type":"","width":"","height":""}],"twitter_card":"summary_large_image","twitter_misc":{"Estimated reading time":"1 minute"},"schema":{"@context":"https:\/\/schema.org","@graph":[{"@type":"WebPage","@id":"https:\/\/www.thomasbrioche.com\/infos-pratiques\/","url":"https:\/\/www.thomasbrioche.com\/infos-pratiques\/","name":"CONTACT US! - Thomas Brioche","isPartOf":{"@id":"https:\/\/www.thomasbrioche.com\/#website"},"primaryImageOfPage":{"@id":"https:\/\/www.thomasbrioche.com\/infos-pratiques\/#primaryimage"},"image":{"@id":"https:\/\/www.thomasbrioche.com\/infos-pratiques\/#primaryimage"},"thumbnailUrl":"https:\/\/www.thomasbrioche.com\/wp-content\/uploads\/2019\/11\/icon-04-150x150.png","datePublished":"2019-11-27T13:20:17+00:00","dateModified":"2023-06-29T08:44:42+00:00","breadcrumb":{"@id":"https:\/\/www.thomasbrioche.com\/infos-pratiques\/#breadcrumb"},"inLanguage":"en-GB","potentialAction":[{"@type":"ReadAction","target":["https:\/\/www.thomasbrioche.com\/infos-pratiques\/"]}]},{"@type":"ImageObject","inLanguage":"en-GB","@id":"https:\/\/www.thomasbrioche.com\/infos-pratiques\/#primaryimage","url":"https:\/\/www.thomasbrioche.com\/wp-content\/uploads\/2019\/11\/icon-04-150x150.png","contentUrl":"https:\/\/www.thomasbrioche.com\/wp-content\/uploads\/2019\/11\/icon-04-150x150.png"},{"@type":"BreadcrumbList","@id":"https:\/\/www.thomasbrioche.com\/infos-pratiques\/#breadcrumb","itemListElement":[{"@type":"ListItem","position":1,"name":"Accueil","item":"https:\/\/www.thomasbrioche.com\/"},{"@type":"ListItem","position":2,"name":"CONTACTEZ-NOUS!"}]},{"@type":"WebSite","@id":"https:\/\/www.thomasbrioche.com\/#website","url":"https:\/\/www.thomasbrioche.com\/","name":"Thomas Brioche","description":"Over a century of baking tradition","potentialAction":[{"@type":"SearchAction","target":{"@type":"EntryPoint","urlTemplate":"https:\/\/www.thomasbrioche.com\/?s={search_term_string}"},"query-input":{"@type":"PropertyValueSpecification","valueRequired":true,"valueName":"search_term_string"}}],"inLanguage":"en-GB"}]}},"_links":{"self":[{"href":"https:\/\/www.thomasbrioche.com\/en\/wp-json\/wp\/v2\/pages\/496","targetHints":{"allow":["GET"]}}],"collection":[{"href":"https:\/\/www.thomasbrioche.com\/en\/wp-json\/wp\/v2\/pages"}],"about":[{"href":"https:\/\/www.thomasbrioche.com\/en\/wp-json\/wp\/v2\/types\/page"}],"author":[{"embeddable":true,"href":"https:\/\/www.thomasbrioche.com\/en\/wp-json\/wp\/v2\/users\/2"}],"replies":[{"embeddable":true,"href":"https:\/\/www.thomasbrioche.com\/en\/wp-json\/wp\/v2\/comments?post=496"}],"version-history":[{"count":45,"href":"https:\/\/www.thomasbrioche.com\/en\/wp-json\/wp\/v2\/pages\/496\/revisions"}],"predecessor-version":[{"id":4820,"href":"https:\/\/www.thomasbrioche.com\/en\/wp-json\/wp\/v2\/pages\/496\/revisions\/4820"}],"wp:attachment":[{"href":"https:\/\/www.thomasbrioche.com\/en\/wp-json\/wp\/v2\/media?parent=496"}],"curies":[{"name":"wp","href":"https:\/\/api.w.org\/{rel}","templated":true}]}}