{"id":492,"date":"2019-11-27T14:19:24","date_gmt":"2019-11-27T13:19:24","guid":{"rendered":"https:\/\/www.thomasbrioche.com\/?page_id=492"},"modified":"2023-11-13T14:33:01","modified_gmt":"2023-11-13T13:33:01","slug":"snack-area","status":"publish","type":"page","link":"https:\/\/www.thomasbrioche.com\/en\/lespace-snack\/","title":{"rendered":"ESPACE SNACK"},"content":{"rendered":"<h2 class=\"wp-block-heading\">The gourmet brioche break!<\/h2>\n\n\n\n<div class=\"wp-block-buttons is-horizontal is-content-justification-center is-layout-flex wp-container-core-buttons-is-layout-499968f5 wp-block-buttons-is-layout-flex\">\n<div class=\"wp-block-button has-custom-width wp-block-button__width-50\"><a class=\"wp-block-button__link has-white-color has-text-color has-background has-text-align-center wp-element-button\" href=\"https:\/\/www.thomasbrioche.com\/wp-content\/uploads\/2023\/11\/A3-MENU-ESTPACE-THOMAS-BRIOCHE-11.2023.pdf\" style=\"background-color:#761c31\"><strong>SEE THE MAP<\/strong><\/a><\/div>\n<\/div>\n\n\n\n<div style=\"height:13px\" aria-hidden=\"true\" class=\"wp-block-spacer\"><\/div>\n\n\n\n<p class=\"has-text-align-center\" style=\"font-size:24px\"><strong>Come and try our brioche paninis and brioche burgers on the new SPRING\/SUMMER menu!<\/strong><\/p>\n\n\n\n<div class=\"wp-block-columns is-layout-flex wp-container-core-columns-is-layout-9d6595d7 wp-block-columns-is-layout-flex\">\n<div class=\"wp-block-column is-layout-flow wp-block-column-is-layout-flow\">\n<div class=\"wp-block-columns is-layout-flex wp-container-core-columns-is-layout-9d6595d7 wp-block-columns-is-layout-flex\">\n<div class=\"wp-block-column is-layout-flow wp-block-column-is-layout-flow\"><div class=\"wp-block-image\">\n<figure class=\"aligncenter size-large is-resized\"><img loading=\"lazy\" decoding=\"async\" width=\"1024\" height=\"779\" src=\"https:\/\/www.thomasbrioche.com\/wp-content\/uploads\/2021\/03\/bagel-veggie-1024x779.png\" alt=\"\" class=\"wp-image-1982\" style=\"width:512px;height:390px\" srcset=\"https:\/\/www.thomasbrioche.com\/wp-content\/uploads\/2021\/03\/bagel-veggie-1024x779.png 1024w, https:\/\/www.thomasbrioche.com\/wp-content\/uploads\/2021\/03\/bagel-veggie-300x228.png 300w, https:\/\/www.thomasbrioche.com\/wp-content\/uploads\/2021\/03\/bagel-veggie-768x584.png 768w, https:\/\/www.thomasbrioche.com\/wp-content\/uploads\/2021\/03\/bagel-veggie-1536x1168.png 1536w, https:\/\/www.thomasbrioche.com\/wp-content\/uploads\/2021\/03\/bagel-veggie-1320x1004.png 1320w, https:\/\/www.thomasbrioche.com\/wp-content\/uploads\/2021\/03\/bagel-veggie.png 2000w\" sizes=\"auto, (max-width: 1024px) 100vw, 1024px\" \/><figcaption class=\"wp-element-caption\">Vegetarian Bagel<\/figcaption><\/figure>\n<\/div><\/div>\n\n\n\n<div class=\"wp-block-column is-layout-flow wp-block-column-is-layout-flow\"><div class=\"wp-block-image\">\n<figure class=\"aligncenter size-large is-resized\"><img loading=\"lazy\" decoding=\"async\" width=\"1024\" height=\"807\" src=\"https:\/\/www.thomasbrioche.com\/wp-content\/uploads\/2021\/03\/BRIOCHE-POULET-1024x807.png\" alt=\"\" class=\"wp-image-1981\" style=\"width:512px;height:404px\" srcset=\"https:\/\/www.thomasbrioche.com\/wp-content\/uploads\/2021\/03\/BRIOCHE-POULET-1024x807.png 1024w, https:\/\/www.thomasbrioche.com\/wp-content\/uploads\/2021\/03\/BRIOCHE-POULET-300x237.png 300w, https:\/\/www.thomasbrioche.com\/wp-content\/uploads\/2021\/03\/BRIOCHE-POULET-768x606.png 768w, https:\/\/www.thomasbrioche.com\/wp-content\/uploads\/2021\/03\/BRIOCHE-POULET-1536x1211.png 1536w, https:\/\/www.thomasbrioche.com\/wp-content\/uploads\/2021\/03\/BRIOCHE-POULET-1320x1041.png 1320w, https:\/\/www.thomasbrioche.com\/wp-content\/uploads\/2021\/03\/BRIOCHE-POULET.png 2000w\" sizes=\"auto, (max-width: 1024px) 100vw, 1024px\" \/><figcaption class=\"wp-element-caption\">Brioche Bagel Chicken or Ham<\/figcaption><\/figure>\n<\/div><\/div>\n<\/div>\n<\/div>\n<\/div>\n\n\n\n<p class=\"has-text-align-center\" style=\"font-size:25px\"><strong>Come and try our Vend\u00e9e brioches and g\u00e2ches vend\u00e9ennes for breakfast, lunch, tea or coffee!<\/strong><\/p>\n\n\n\n<div class=\"wp-block-columns has-2-columns is-layout-flex wp-container-core-columns-is-layout-9d6595d7 wp-block-columns-is-layout-flex\">\n<div class=\"wp-block-column is-layout-flow wp-block-column-is-layout-flow\">\n<div class=\"wp-block-columns has-2-columns is-layout-flex wp-container-core-columns-is-layout-9d6595d7 wp-block-columns-is-layout-flex\">\n<div class=\"wp-block-column is-layout-flow wp-block-column-is-layout-flow\">\n<div style=\"height:38px\" aria-hidden=\"true\" class=\"wp-block-spacer\"><\/div>\n<\/div>\n\n\n\n<div class=\"wp-block-column is-layout-flow wp-block-column-is-layout-flow\">\n<p><\/p>\n<\/div>\n<\/div>\n\n\n\n<p class=\"has-text-align-center\" style=\"font-size:25px\">At lunchtime, come and dine on local produce from the Vend\u00e9e. All sandwiches are made on the premises, and every day the chef prepares tasty and unusual recipes based on Vend\u00e9e brioches, g\u00e2ches, pr\u00e9fous de Vend\u00e9e and local Vend\u00e9e products.<\/p>\n<\/div>\n\n\n\n<div class=\"wp-block-column is-layout-flow wp-block-column-is-layout-flow\"><div class=\"wp-block-image\">\n<figure class=\"aligncenter\"><img loading=\"lazy\" decoding=\"async\" width=\"500\" height=\"302\" src=\"https:\/\/www.thomasbrioche.com\/wp-content\/uploads\/2019\/11\/BURGER-VENDEEN_THOMAS-BRIOCHE.png\" alt=\"\" class=\"wp-image-562\" srcset=\"https:\/\/www.thomasbrioche.com\/wp-content\/uploads\/2019\/11\/BURGER-VENDEEN_THOMAS-BRIOCHE.png 500w, https:\/\/www.thomasbrioche.com\/wp-content\/uploads\/2019\/11\/BURGER-VENDEEN_THOMAS-BRIOCHE-300x181.png 300w\" sizes=\"auto, (max-width: 500px) 100vw, 500px\" \/><\/figure>\n<\/div><\/div>\n<\/div>\n\n\n\n<p class=\"has-text-align-center\" style=\"font-size:35px\"><strong>Rediscover the unique flavour and quality of old-fashioned butter products!<\/strong><\/p>\n\n\n\n<hr class=\"wp-block-separator has-css-opacity\"\/>\n\n\n\n<div class=\"wp-block-columns has-3-columns is-layout-flex wp-container-core-columns-is-layout-9d6595d7 wp-block-columns-is-layout-flex\">\n<div class=\"wp-block-column is-layout-flow wp-block-column-is-layout-flow\">\n<p class=\"has-text-align-center\" style=\"font-size:30px\"><strong>Local sandwiches<\/strong><\/p>\n<\/div>\n\n\n\n<div class=\"wp-block-column is-layout-flow wp-block-column-is-layout-flow\">\n<p class=\"has-text-align-center\" style=\"font-size:30px\"><strong>Local salad<\/strong><\/p>\n<\/div>\n\n\n\n<div class=\"wp-block-column is-layout-flow wp-block-column-is-layout-flow\">\n<p class=\"has-text-align-center\" style=\"font-size:30px\"><strong>Local toast<\/strong><\/p>\n<\/div>\n<\/div>\n\n\n\n<div class=\"wp-block-columns has-3-columns is-layout-flex wp-container-core-columns-is-layout-9d6595d7 wp-block-columns-is-layout-flex\">\n<div class=\"wp-block-column is-layout-flow wp-block-column-is-layout-flow\"><div class=\"wp-block-image\">\n<figure class=\"aligncenter size-large\"><img loading=\"lazy\" decoding=\"async\" width=\"1024\" height=\"373\" src=\"https:\/\/www.thomasbrioche.com\/wp-content\/uploads\/2021\/03\/IMG_20201201_113915-2-1024x373.jpg\" alt=\"\" class=\"wp-image-1977\" srcset=\"https:\/\/www.thomasbrioche.com\/wp-content\/uploads\/2021\/03\/IMG_20201201_113915-2-1024x373.jpg 1024w, https:\/\/www.thomasbrioche.com\/wp-content\/uploads\/2021\/03\/IMG_20201201_113915-2-300x109.jpg 300w, https:\/\/www.thomasbrioche.com\/wp-content\/uploads\/2021\/03\/IMG_20201201_113915-2-768x280.jpg 768w, https:\/\/www.thomasbrioche.com\/wp-content\/uploads\/2021\/03\/IMG_20201201_113915-2-1536x560.jpg 1536w, https:\/\/www.thomasbrioche.com\/wp-content\/uploads\/2021\/03\/IMG_20201201_113915-2-2048x747.jpg 2048w, https:\/\/www.thomasbrioche.com\/wp-content\/uploads\/2021\/03\/IMG_20201201_113915-2-1320x481.jpg 1320w\" sizes=\"auto, (max-width: 1024px) 100vw, 1024px\" \/><\/figure>\n<\/div>\n\n\n<div class=\"wp-block-columns has-2-columns is-layout-flex wp-container-core-columns-is-layout-9d6595d7 wp-block-columns-is-layout-flex\">\n<div class=\"wp-block-column is-layout-flow wp-block-column-is-layout-flow\">\n<p><\/p>\n<\/div>\n\n\n\n<div class=\"wp-block-column is-layout-flow wp-block-column-is-layout-flow\"><\/div>\n<\/div>\n<\/div>\n\n\n\n<div class=\"wp-block-column is-layout-flow wp-block-column-is-layout-flow\"><div class=\"wp-block-image\">\n<figure class=\"aligncenter is-resized\"><img loading=\"lazy\" decoding=\"async\" width=\"500\" height=\"315\" src=\"https:\/\/www.thomasbrioche.com\/wp-content\/uploads\/2019\/11\/SALADE-VENDEENNE_THOMAS-BRIOCHE.png\" alt=\"\" class=\"wp-image-563\" style=\"width:375px;height:236px\" srcset=\"https:\/\/www.thomasbrioche.com\/wp-content\/uploads\/2019\/11\/SALADE-VENDEENNE_THOMAS-BRIOCHE.png 500w, https:\/\/www.thomasbrioche.com\/wp-content\/uploads\/2019\/11\/SALADE-VENDEENNE_THOMAS-BRIOCHE-300x189.png 300w\" sizes=\"auto, (max-width: 500px) 100vw, 500px\" \/><\/figure>\n<\/div>\n\n\n<p><\/p>\n<\/div>\n\n\n\n<div class=\"wp-block-column is-layout-flow wp-block-column-is-layout-flow\"><div class=\"wp-block-image\">\n<figure class=\"aligncenter is-resized\"><img loading=\"lazy\" decoding=\"async\" width=\"500\" height=\"219\" src=\"https:\/\/www.thomasbrioche.com\/wp-content\/uploads\/2019\/11\/TARTINE-VENDEENNE_THOAMS-BRIOCHE.png\" alt=\"\" class=\"wp-image-565\" style=\"width:375px;height:164px\" srcset=\"https:\/\/www.thomasbrioche.com\/wp-content\/uploads\/2019\/11\/TARTINE-VENDEENNE_THOAMS-BRIOCHE.png 500w, https:\/\/www.thomasbrioche.com\/wp-content\/uploads\/2019\/11\/TARTINE-VENDEENNE_THOAMS-BRIOCHE-300x131.png 300w\" sizes=\"auto, (max-width: 500px) 100vw, 500px\" \/><\/figure>\n<\/div><\/div>\n<\/div>\n\n\n\n<hr class=\"wp-block-separator has-css-opacity\"\/>","protected":false},"excerpt":{"rendered":"<p>La pause gourmande et brioch\u00e9e ! Venez d\u00e9couvrir et d\u00e9guster nos paninis brioch\u00e9s et burgers brioch\u00e9s de la nouvelle carte PRINTEMPS\/\u00c9T\u00c9 ! Venez d\u00e9gustez nos brioches de Vend\u00e9e et g\u00e2ches vend\u00e9ennes pour une pause petit d\u00e9jeuner, d\u00e9jeuner, go\u00fbter ou caf\u00e9 ! Le midi, venez vous restaurez avec des produits du Terroir Vend\u00e9en. Tout les sandwichs [&hellip;]<\/p>\n","protected":false},"author":2,"featured_media":0,"parent":0,"menu_order":0,"comment_status":"closed","ping_status":"closed","template":"","meta":{"footnotes":""},"class_list":["post-492","page","type-page","status-publish","hentry"],"yoast_head":"<!-- This site is optimized with the Yoast SEO plugin v27.5 - https:\/\/yoast.com\/product\/yoast-seo-wordpress\/ -->\n<title>ESPACE SNACK - ESPACE THOMAS BRIOCHE<\/title>\n<meta name=\"description\" content=\"La pause gourmande et brioch\u00e9e ! Venez d\u00e9gustez nos brioches et g\u00e2ches de Vend\u00e9e pour une pause petit d\u00e9jeuner, d\u00e9jeuner, go\u00fbter ou caf\u00e9 &gt; 0228979943\" \/>\n<meta name=\"robots\" content=\"index, follow, max-snippet:-1, max-image-preview:large, max-video-preview:-1\" \/>\n<link rel=\"canonical\" href=\"https:\/\/www.thomasbrioche.com\/en\/snack-area\/\" \/>\n<meta property=\"og:locale\" content=\"en_GB\" \/>\n<meta property=\"og:type\" content=\"article\" \/>\n<meta property=\"og:title\" content=\"ESPACE SNACK - ESPACE THOMAS BRIOCHE\" \/>\n<meta property=\"og:description\" content=\"La pause gourmande et brioch\u00e9e ! Venez d\u00e9gustez nos brioches et g\u00e2ches de Vend\u00e9e pour une pause petit d\u00e9jeuner, d\u00e9jeuner, go\u00fbter ou caf\u00e9 &gt; 0228979943\" \/>\n<meta property=\"og:url\" content=\"https:\/\/www.thomasbrioche.com\/en\/snack-area\/\" \/>\n<meta property=\"og:site_name\" content=\"Thomas Brioche\" \/>\n<meta property=\"article:modified_time\" content=\"2023-11-13T13:33:01+00:00\" \/>\n<meta property=\"og:image\" content=\"https:\/\/www.thomasbrioche.com\/wp-content\/uploads\/2021\/03\/bagel-veggie-1024x779.png\" \/>\n<meta name=\"twitter:card\" content=\"summary_large_image\" \/>\n<meta name=\"twitter:label1\" content=\"Estimated reading time\" \/>\n\t<meta name=\"twitter:data1\" content=\"2 minutes\" \/>\n<script type=\"application\/ld+json\" class=\"yoast-schema-graph\">{\"@context\":\"https:\\\/\\\/schema.org\",\"@graph\":[{\"@type\":\"WebPage\",\"@id\":\"https:\\\/\\\/www.thomasbrioche.com\\\/lespace-snack\\\/\",\"url\":\"https:\\\/\\\/www.thomasbrioche.com\\\/lespace-snack\\\/\",\"name\":\"ESPACE SNACK - ESPACE THOMAS BRIOCHE\",\"isPartOf\":{\"@id\":\"https:\\\/\\\/www.thomasbrioche.com\\\/#website\"},\"primaryImageOfPage\":{\"@id\":\"https:\\\/\\\/www.thomasbrioche.com\\\/lespace-snack\\\/#primaryimage\"},\"image\":{\"@id\":\"https:\\\/\\\/www.thomasbrioche.com\\\/lespace-snack\\\/#primaryimage\"},\"thumbnailUrl\":\"https:\\\/\\\/www.thomasbrioche.com\\\/wp-content\\\/uploads\\\/2021\\\/03\\\/bagel-veggie-1024x779.png\",\"datePublished\":\"2019-11-27T13:19:24+00:00\",\"dateModified\":\"2023-11-13T13:33:01+00:00\",\"description\":\"La pause gourmande et brioch\u00e9e ! Venez d\u00e9gustez nos brioches et g\u00e2ches de Vend\u00e9e pour une pause petit d\u00e9jeuner, d\u00e9jeuner, go\u00fbter ou caf\u00e9 > 0228979943\",\"breadcrumb\":{\"@id\":\"https:\\\/\\\/www.thomasbrioche.com\\\/lespace-snack\\\/#breadcrumb\"},\"inLanguage\":\"en-GB\",\"potentialAction\":[{\"@type\":\"ReadAction\",\"target\":[\"https:\\\/\\\/www.thomasbrioche.com\\\/lespace-snack\\\/\"]}]},{\"@type\":\"ImageObject\",\"inLanguage\":\"en-GB\",\"@id\":\"https:\\\/\\\/www.thomasbrioche.com\\\/lespace-snack\\\/#primaryimage\",\"url\":\"https:\\\/\\\/www.thomasbrioche.com\\\/wp-content\\\/uploads\\\/2021\\\/03\\\/bagel-veggie-1024x779.png\",\"contentUrl\":\"https:\\\/\\\/www.thomasbrioche.com\\\/wp-content\\\/uploads\\\/2021\\\/03\\\/bagel-veggie-1024x779.png\"},{\"@type\":\"BreadcrumbList\",\"@id\":\"https:\\\/\\\/www.thomasbrioche.com\\\/lespace-snack\\\/#breadcrumb\",\"itemListElement\":[{\"@type\":\"ListItem\",\"position\":1,\"name\":\"Accueil\",\"item\":\"https:\\\/\\\/www.thomasbrioche.com\\\/\"},{\"@type\":\"ListItem\",\"position\":2,\"name\":\"ESPACE SNACK\"}]},{\"@type\":\"WebSite\",\"@id\":\"https:\\\/\\\/www.thomasbrioche.com\\\/#website\",\"url\":\"https:\\\/\\\/www.thomasbrioche.com\\\/\",\"name\":\"Thomas Brioche\",\"description\":\"Plus d&#039;un si\u00e8cle de tradition boulang\u00e8re\",\"potentialAction\":[{\"@type\":\"SearchAction\",\"target\":{\"@type\":\"EntryPoint\",\"urlTemplate\":\"https:\\\/\\\/www.thomasbrioche.com\\\/?s={search_term_string}\"},\"query-input\":{\"@type\":\"PropertyValueSpecification\",\"valueRequired\":true,\"valueName\":\"search_term_string\"}}],\"inLanguage\":\"en-GB\"}]}<\/script>\n<!-- \/ Yoast SEO plugin. -->","yoast_head_json":{"title":"ESPACE SNACK - ESPACE THOMAS BRIOCHE","description":"The gourmet brioche break! Come and taste our brioches and g\u00e2ches de Vend\u00e9e for breakfast, lunch, a snack or a coffee break &gt; 0228979943","robots":{"index":"index","follow":"follow","max-snippet":"max-snippet:-1","max-image-preview":"max-image-preview:large","max-video-preview":"max-video-preview:-1"},"canonical":"https:\/\/www.thomasbrioche.com\/en\/snack-area\/","og_locale":"en_GB","og_type":"article","og_title":"ESPACE SNACK - ESPACE THOMAS BRIOCHE","og_description":"La pause gourmande et brioch\u00e9e ! Venez d\u00e9gustez nos brioches et g\u00e2ches de Vend\u00e9e pour une pause petit d\u00e9jeuner, d\u00e9jeuner, go\u00fbter ou caf\u00e9 > 0228979943","og_url":"https:\/\/www.thomasbrioche.com\/en\/snack-area\/","og_site_name":"Thomas Brioche","article_modified_time":"2023-11-13T13:33:01+00:00","og_image":[{"url":"https:\/\/www.thomasbrioche.com\/wp-content\/uploads\/2021\/03\/bagel-veggie-1024x779.png","type":"","width":"","height":""}],"twitter_card":"summary_large_image","twitter_misc":{"Estimated reading time":"2 minutes"},"schema":{"@context":"https:\/\/schema.org","@graph":[{"@type":"WebPage","@id":"https:\/\/www.thomasbrioche.com\/lespace-snack\/","url":"https:\/\/www.thomasbrioche.com\/lespace-snack\/","name":"ESPACE SNACK - ESPACE THOMAS BRIOCHE","isPartOf":{"@id":"https:\/\/www.thomasbrioche.com\/#website"},"primaryImageOfPage":{"@id":"https:\/\/www.thomasbrioche.com\/lespace-snack\/#primaryimage"},"image":{"@id":"https:\/\/www.thomasbrioche.com\/lespace-snack\/#primaryimage"},"thumbnailUrl":"https:\/\/www.thomasbrioche.com\/wp-content\/uploads\/2021\/03\/bagel-veggie-1024x779.png","datePublished":"2019-11-27T13:19:24+00:00","dateModified":"2023-11-13T13:33:01+00:00","description":"The gourmet brioche break! Come and taste our brioches and g\u00e2ches de Vend\u00e9e for breakfast, lunch, a snack or a coffee break &gt; 0228979943","breadcrumb":{"@id":"https:\/\/www.thomasbrioche.com\/lespace-snack\/#breadcrumb"},"inLanguage":"en-GB","potentialAction":[{"@type":"ReadAction","target":["https:\/\/www.thomasbrioche.com\/lespace-snack\/"]}]},{"@type":"ImageObject","inLanguage":"en-GB","@id":"https:\/\/www.thomasbrioche.com\/lespace-snack\/#primaryimage","url":"https:\/\/www.thomasbrioche.com\/wp-content\/uploads\/2021\/03\/bagel-veggie-1024x779.png","contentUrl":"https:\/\/www.thomasbrioche.com\/wp-content\/uploads\/2021\/03\/bagel-veggie-1024x779.png"},{"@type":"BreadcrumbList","@id":"https:\/\/www.thomasbrioche.com\/lespace-snack\/#breadcrumb","itemListElement":[{"@type":"ListItem","position":1,"name":"Accueil","item":"https:\/\/www.thomasbrioche.com\/"},{"@type":"ListItem","position":2,"name":"ESPACE SNACK"}]},{"@type":"WebSite","@id":"https:\/\/www.thomasbrioche.com\/#website","url":"https:\/\/www.thomasbrioche.com\/","name":"Thomas Brioche","description":"Over a century of baking tradition","potentialAction":[{"@type":"SearchAction","target":{"@type":"EntryPoint","urlTemplate":"https:\/\/www.thomasbrioche.com\/?s={search_term_string}"},"query-input":{"@type":"PropertyValueSpecification","valueRequired":true,"valueName":"search_term_string"}}],"inLanguage":"en-GB"}]}},"_links":{"self":[{"href":"https:\/\/www.thomasbrioche.com\/en\/wp-json\/wp\/v2\/pages\/492","targetHints":{"allow":["GET"]}}],"collection":[{"href":"https:\/\/www.thomasbrioche.com\/en\/wp-json\/wp\/v2\/pages"}],"about":[{"href":"https:\/\/www.thomasbrioche.com\/en\/wp-json\/wp\/v2\/types\/page"}],"author":[{"embeddable":true,"href":"https:\/\/www.thomasbrioche.com\/en\/wp-json\/wp\/v2\/users\/2"}],"replies":[{"embeddable":true,"href":"https:\/\/www.thomasbrioche.com\/en\/wp-json\/wp\/v2\/comments?post=492"}],"version-history":[{"count":36,"href":"https:\/\/www.thomasbrioche.com\/en\/wp-json\/wp\/v2\/pages\/492\/revisions"}],"predecessor-version":[{"id":5239,"href":"https:\/\/www.thomasbrioche.com\/en\/wp-json\/wp\/v2\/pages\/492\/revisions\/5239"}],"wp:attachment":[{"href":"https:\/\/www.thomasbrioche.com\/en\/wp-json\/wp\/v2\/media?parent=492"}],"curies":[{"name":"wp","href":"https:\/\/api.w.org\/{rel}","templated":true}]}}