{"id":490,"date":"2019-11-27T14:19:06","date_gmt":"2019-11-27T13:19:06","guid":{"rendered":"https:\/\/www.thomasbrioche.com\/?page_id=490"},"modified":"2026-03-30T08:42:38","modified_gmt":"2026-03-30T06:42:38","slug":"the-shop","status":"publish","type":"page","link":"https:\/\/www.thomasbrioche.com\/en\/la-boutique\/","title":{"rendered":"ESPACE THOMAS BRIOCHE"},"content":{"rendered":"<h2 class=\"wp-block-heading\">A shop area <\/h2>\n\n\n\n<p class=\"has-text-align-center has-medium-font-size\"><strong>Immerse yourself in Vend\u00e9e tradition at the Thomas Brioche Boutique!<\/strong><\/p>\n\n\n\n<p class=\"has-text-align-center has-medium-font-size\">Brioches et g\u00e2ches Maline Thomas, home-made specialities, and a selection of local products await you: jams, sardines, mogettes, Vend\u00e9e beers and much more.<\/p>\n\n\n\n<p class=\"has-text-align-center has-medium-font-size\">Give or savour a concentrate of authenticity made in Vend\u00e9e!<\/p>\n\n\n<div class=\"wp-block-image\">\n<figure class=\"aligncenter is-resized\"><a href=\"https:\/\/www.thomasbrioche.com\/wp-content\/uploads\/2019\/12\/BANDEAU-BOUTIQUE-THOMAS-BRIOCHE.png\"><img loading=\"lazy\" decoding=\"async\" width=\"1920\" height=\"425\" src=\"https:\/\/www.thomasbrioche.com\/wp-content\/uploads\/2019\/12\/BANDEAU-BOUTIQUE-THOMAS-BRIOCHE.png\" alt=\"\" class=\"wp-image-624\" style=\"width:1920px;height:425px\" srcset=\"https:\/\/www.thomasbrioche.com\/wp-content\/uploads\/2019\/12\/BANDEAU-BOUTIQUE-THOMAS-BRIOCHE.png 1920w, https:\/\/www.thomasbrioche.com\/wp-content\/uploads\/2019\/12\/BANDEAU-BOUTIQUE-THOMAS-BRIOCHE-300x66.png 300w, https:\/\/www.thomasbrioche.com\/wp-content\/uploads\/2019\/12\/BANDEAU-BOUTIQUE-THOMAS-BRIOCHE-768x170.png 768w, https:\/\/www.thomasbrioche.com\/wp-content\/uploads\/2019\/12\/BANDEAU-BOUTIQUE-THOMAS-BRIOCHE-1024x227.png 1024w\" sizes=\"auto, (max-width: 1920px) 100vw, 1920px\" \/><\/a><\/figure>\n<\/div>\n\n\n<div style=\"height:14px\" aria-hidden=\"true\" class=\"wp-block-spacer\"><\/div>\n\n\n\n<hr class=\"wp-block-separator has-alpha-channel-opacity is-style-wide\"\/>\n\n\n\n<h2 class=\"wp-block-heading has-text-align-center\">A snack area<\/h2>\n\n\n\n<p class=\"has-text-align-center has-medium-font-size\">The gourmet and brioche break of the <strong>Vend\u00e9e Terroir<\/strong> !<\/p>\n\n\n\n<p class=\"has-text-align-center has-medium-font-size\">Homemade sandwiches, salads, original toast (paninis, burgers) and brioche desserts: everything is baked on the premises by our passionate bakers, using creative recipes based on brioche, g\u00e2ches, pr\u00e9fous and local produce.<\/p>\n\n\n\n<div class=\"wp-block-buttons is-content-justification-center is-layout-flex wp-container-core-buttons-is-layout-16018d1d wp-block-buttons-is-layout-flex\">\n<div class=\"wp-block-button is-style-fill\"><a class=\"wp-block-button__link has-white-color has-text-color has-background has-link-color has-text-align-center wp-element-button\" href=\"https:\/\/www.thomasbrioche.com\/wp-content\/uploads\/2026\/03\/CARTE-PRINTEMPS-ETE_2026.pdf\" style=\"background-color:#8a2432\" target=\"_blank\" rel=\"noreferrer noopener\">See the map<\/a><\/div>\n<\/div>\n\n\n\n<hr class=\"wp-block-separator has-alpha-channel-opacity is-style-wide\"\/>\n\n\n\n<div style=\"height:20px\" aria-hidden=\"true\" class=\"wp-block-spacer\"><\/div>\n\n\n\n<h2 class=\"wp-block-heading has-text-align-center\">Free entertainment for groups<\/h2>\n\n\n\n<div class=\"wp-block-columns is-layout-flex wp-container-core-columns-is-layout-9d6595d7 wp-block-columns-is-layout-flex\">\n<div class=\"wp-block-column is-vertically-aligned-center is-layout-flow wp-block-column-is-layout-flow\">\n<p class=\"has-text-align-center\" style=\"font-size:20px\">An emblem of conviviality and a local treasure, the charm and unrivalled flavour of the brioche from the Vend\u00e9e will win you over.<\/p>\n\n\n\n<p style=\"font-size:20px\">Take part in our animation tracing its history and enjoy a free tasting!<\/p>\n\n\n\n<p class=\"has-text-align-center\" style=\"font-size:20px\">With space for 60 people and a coach park, we'll be delighted to welcome your groups.<\/p>\n\n\n\n<div class=\"wp-block-buttons is-layout-flex wp-block-buttons-is-layout-flex\">\n<div class=\"wp-block-button is-style-fill aligncenter\"><a class=\"wp-block-button__link has-white-color has-text-color has-background wp-element-button\" style=\"background-color:#8a2432\"><strong>Bookings on 02 28 97 99 43<\/strong><\/a><\/div>\n<\/div>\n<\/div>\n\n\n\n<div class=\"wp-block-column is-layout-flow wp-block-column-is-layout-flow\">\t\t<div id=\"sevgallery-1066991121\" class=\"carousel slide sev-diaporama-bootstrap\" data-ride=\"carousel\">\n\n\t\t\t<div class=\"carousel-inner\">\n\t\t\t\t\t\t\t\t\t\t\t\t\t\t\t\t\t\t<div class=\"carousel-item active\">\n\t\t\t\t\t\t\t\t\t\t\t\t<a href=\"https:\/\/www.thomasbrioche.com\/wp-content\/uploads\/2019\/12\/Photo-de-groupe_THOMAS-BRIOCHE.png\" data-lightbox=\"sevgallery-1066991121\" data-title=\"GROUPE_THOMAS-BRIOCHE\" title=\"Enlarge\">\n\t\t\t\t\t\t\n\t\t\t\t\t\t<img decoding=\"async\" class=\"d-block w-100\" src=\"https:\/\/www.thomasbrioche.com\/wp-content\/uploads\/2019\/12\/Photo-de-groupe_THOMAS-BRIOCHE.png\" alt=\"GROUPE_THOMAS-BRIOCHE\" desc=\"\">\n\n\t\t\t\t\t\t\t\t\t\t\t\t\t<span class=\"fullscreen\">\n\t\t\t\t\t\t\t\t<i class=\"fas fa-search-plus\" aria-hidden=\"true\"><\/i>\n\t\t\t\t\t\t\t<\/span>\n\t\t\t\t\t\t\n\t\t\t\t\t\t\n\t\t\t\t\t\t\t\t\t\t\t\t<\/a>\n\t\t\t\t\t\t\t\t\t\t\t<\/div>\n\t\t\t\t\t\t\t\t\t\t\t\t\t\t\t\t\t\t\t<div class=\"carousel-item\">\n\t\t\t\t\t\t\t\t\t\t\t\t<a href=\"https:\/\/www.thomasbrioche.com\/wp-content\/uploads\/2019\/12\/GROUPE_THOMAS-BRIOCHE-1.jpg\" data-lightbox=\"sevgallery-1066991121\" data-title=\"GROUPE_THOMAS-BRIOCHE-1\" title=\"Enlarge\">\n\t\t\t\t\t\t\n\t\t\t\t\t\t<img decoding=\"async\" class=\"d-block w-100\" src=\"https:\/\/www.thomasbrioche.com\/wp-content\/uploads\/2019\/12\/GROUPE_THOMAS-BRIOCHE-1.jpg\" alt=\"GROUP_THOMAS-BRIOCHE-1\" desc=\"\">\n\n\t\t\t\t\t\t\t\t\t\t\t\t\t<span class=\"fullscreen\">\n\t\t\t\t\t\t\t\t<i class=\"fas fa-search-plus\" aria-hidden=\"true\"><\/i>\n\t\t\t\t\t\t\t<\/span>\n\t\t\t\t\t\t\n\t\t\t\t\t\t\n\t\t\t\t\t\t\t\t\t\t\t\t<\/a>\n\t\t\t\t\t\t\t\t\t\t\t<\/div>\n\t\t\t\t\t\t\t\t\t\t\t\t\t\t\t\t\t\t\t<div class=\"carousel-item\">\n\t\t\t\t\t\t\t\t\t\t\t\t<a href=\"https:\/\/www.thomasbrioche.com\/wp-content\/uploads\/2019\/12\/GROUPE_THOMAS-BRIOCHE-3.jpg\" data-lightbox=\"sevgallery-1066991121\" data-title=\"GROUPE_THOMAS-BRIOCHE-3\" title=\"Enlarge\">\n\t\t\t\t\t\t\n\t\t\t\t\t\t<img decoding=\"async\" class=\"d-block w-100\" src=\"https:\/\/www.thomasbrioche.com\/wp-content\/uploads\/2019\/12\/GROUPE_THOMAS-BRIOCHE-3-1024x657.jpg\" alt=\"GROUP_THOMAS-BRIOCHE-3\" desc=\"\">\n\n\t\t\t\t\t\t\t\t\t\t\t\t\t<span class=\"fullscreen\">\n\t\t\t\t\t\t\t\t<i class=\"fas fa-search-plus\" aria-hidden=\"true\"><\/i>\n\t\t\t\t\t\t\t<\/span>\n\t\t\t\t\t\t\n\t\t\t\t\t\t\n\t\t\t\t\t\t\t\t\t\t\t\t<\/a>\n\t\t\t\t\t\t\t\t\t\t\t<\/div>\n\t\t\t\t\t\t\t\t\t\t\t\t\t\t\t\t\t\t\t<div class=\"carousel-item\">\n\t\t\t\t\t\t\t\t\t\t\t\t<a href=\"https:\/\/www.thomasbrioche.com\/wp-content\/uploads\/2019\/12\/GROUPE_THOMAS-BRIOCHE-4.jpg\" data-lightbox=\"sevgallery-1066991121\" data-title=\"GROUPE_THOMAS-BRIOCHE-4\" title=\"Enlarge\">\n\t\t\t\t\t\t\n\t\t\t\t\t\t<img decoding=\"async\" class=\"d-block w-100\" src=\"https:\/\/www.thomasbrioche.com\/wp-content\/uploads\/2019\/12\/GROUPE_THOMAS-BRIOCHE-4.jpg\" alt=\"GROUP_THOMAS-BRIOCHE-4\" desc=\"\">\n\n\t\t\t\t\t\t\t\t\t\t\t\t\t<span class=\"fullscreen\">\n\t\t\t\t\t\t\t\t<i class=\"fas fa-search-plus\" aria-hidden=\"true\"><\/i>\n\t\t\t\t\t\t\t<\/span>\n\t\t\t\t\t\t\n\t\t\t\t\t\t\n\t\t\t\t\t\t\t\t\t\t\t\t<\/a>\n\t\t\t\t\t\t\t\t\t\t\t<\/div>\n\t\t\t\t\t\t\t\t\t\t\t\t\t\t\t\t\t\t\t<div class=\"carousel-item\">\n\t\t\t\t\t\t\t\t\t\t\t\t<a href=\"https:\/\/www.thomasbrioche.com\/wp-content\/uploads\/2019\/12\/GROUPE_THOMAS-BRIOCHE-2.jpg\" data-lightbox=\"sevgallery-1066991121\" data-title=\"GROUPE_THOMAS-BRIOCHE-2\" title=\"Enlarge\">\n\t\t\t\t\t\t\n\t\t\t\t\t\t<img decoding=\"async\" class=\"d-block w-100\" src=\"https:\/\/www.thomasbrioche.com\/wp-content\/uploads\/2019\/12\/GROUPE_THOMAS-BRIOCHE-2-1024x732.jpg\" alt=\"GROUP_THOMAS-BRIOCHE-2\" desc=\"\">\n\n\t\t\t\t\t\t\t\t\t\t\t\t\t<span class=\"fullscreen\">\n\t\t\t\t\t\t\t\t<i class=\"fas fa-search-plus\" aria-hidden=\"true\"><\/i>\n\t\t\t\t\t\t\t<\/span>\n\t\t\t\t\t\t\n\t\t\t\t\t\t\n\t\t\t\t\t\t\t\t\t\t\t\t<\/a>\n\t\t\t\t\t\t\t\t\t\t\t<\/div>\n\t\t\t\t\t\t\t\t\t\t\t\t\t\t\t\t\t\t\t<div class=\"carousel-item\">\n\t\t\t\t\t\t\t\t\t\t\t\t<a href=\"https:\/\/www.thomasbrioche.com\/wp-content\/uploads\/2019\/12\/GROUPE_THOMAS-BRIOCHE-5.jpg\" data-lightbox=\"sevgallery-1066991121\" data-title=\"GROUPE_THOMAS-BRIOCHE-5\" title=\"Enlarge\">\n\t\t\t\t\t\t\n\t\t\t\t\t\t<img decoding=\"async\" class=\"d-block w-100\" src=\"https:\/\/www.thomasbrioche.com\/wp-content\/uploads\/2019\/12\/GROUPE_THOMAS-BRIOCHE-5-1024x678.jpg\" alt=\"GROUP_THOMAS-BRIOCHE-5\" desc=\"\">\n\n\t\t\t\t\t\t\t\t\t\t\t\t\t<span class=\"fullscreen\">\n\t\t\t\t\t\t\t\t<i class=\"fas fa-search-plus\" aria-hidden=\"true\"><\/i>\n\t\t\t\t\t\t\t<\/span>\n\t\t\t\t\t\t\n\t\t\t\t\t\t\n\t\t\t\t\t\t\t\t\t\t\t\t<\/a>\n\t\t\t\t\t\t\t\t\t\t\t<\/div>\n\t\t\t\t\t\t\t\t\t\t\t\t<\/div>\n\n\t\t\t\t\t\t<a class=\"carousel-control-prev\" href=\"#sevgallery-1066991121\" role=\"button\" data-slide=\"prev\">\n\t\t\t\t<span class=\"carousel-control-prev-icon\" aria-hidden=\"true\"><\/span>\n\t\t\t\t<span class=\"sr-only\">Previous<\/span>\n\t\t\t<\/a>\n\t\t\t<a class=\"carousel-control-next\" href=\"#sevgallery-1066991121\" role=\"button\" data-slide=\"next\">\n\t\t\t\t<span class=\"carousel-control-next-icon\" aria-hidden=\"true\"><\/span>\n\t\t\t\t<span class=\"sr-only\">Next<\/span>\n\t\t\t<\/a>\n\t\t\t\n\t\t\t\t\t\t<ol class=\"carousel-indicators\">\n\t\t\t\t\t\t\t\t\t\t\t\t\t\t\t\t\t\t<li data-target=\"#sevgallery-1066991121\" data-slide-to=\"0\" class=\"&quot;active&quot;\"><\/li>\n\t\t\t\t\t\t\t\t\t\t\t\t\t\t\t\t\t\t<li data-target=\"#sevgallery-1066991121\" data-slide-to=\"1\"><\/li>\n\t\t\t\t\t\t\t\t\t\t\t\t\t\t\t\t\t\t<li data-target=\"#sevgallery-1066991121\" data-slide-to=\"2\"><\/li>\n\t\t\t\t\t\t\t\t\t\t\t\t\t\t\t\t\t\t<li data-target=\"#sevgallery-1066991121\" data-slide-to=\"3\"><\/li>\n\t\t\t\t\t\t\t\t\t\t\t\t\t\t\t\t\t\t<li data-target=\"#sevgallery-1066991121\" data-slide-to=\"4\"><\/li>\n\t\t\t\t\t\t\t\t\t\t\t\t\t\t\t\t\t\t<li data-target=\"#sevgallery-1066991121\" data-slide-to=\"5\"><\/li>\n\t\t\t\t\t\t\t\t\t\t\t<\/ol>\n\t\t\t\t\t<\/div>\n\t\t\n<\/div>\n<\/div>\n\n\n\n<hr class=\"wp-block-separator has-alpha-channel-opacity is-style-wide\"\/>\n\n\n\n<div style=\"height:20px\" aria-hidden=\"true\" class=\"wp-block-spacer\"><\/div>\n\n\n\n<h2 class=\"wp-block-heading has-text-align-center\">Room reservation<\/h2>\n\n\n\n<div class=\"wp-block-columns is-layout-flex wp-container-core-columns-is-layout-9d6595d7 wp-block-columns-is-layout-flex\">\n<div class=\"wp-block-column is-vertically-aligned-center is-layout-flow wp-block-column-is-layout-flow\">\n<p class=\"has-text-align-center\" style=\"font-size:20px\">For your meetings, you can book our meeting room for up to 16 people.<\/p>\n\n\n\n<p class=\"has-text-align-center\" style=\"font-size:20px\">- Day booking: \u20ac90 excluding VAT<\/p>\n\n\n\n<p class=\"has-text-align-center\" style=\"font-size:20px\">- Half-day booking: \u20ac50 excluding VAT<\/p>\n\n\n\n<p class=\"has-text-align-center\" style=\"font-size:20px\">- Coffee break and complimentary brioche<\/p>\n\n\n\n<div class=\"wp-block-buttons is-layout-flex wp-block-buttons-is-layout-flex\">\n<div class=\"wp-block-button is-style-fill aligncenter\"><a class=\"wp-block-button__link has-white-color has-text-color has-background wp-element-button\" style=\"background-color:#8a2432\"><strong>Bookings on 02 28 97 99 43<\/strong><\/a><\/div>\n<\/div>\n<\/div>\n\n\n\n<div class=\"wp-block-column is-layout-flow wp-block-column-is-layout-flow\">\t\t<div id=\"sevgallery-1164172558\" class=\"carousel slide sev-diaporama-bootstrap\" data-ride=\"carousel\">\n\n\t\t\t<div class=\"carousel-inner\">\n\t\t\t\t\t\t\t\t\t\t\t\t\t\t\t\t\t\t<div class=\"carousel-item active\">\n\t\t\t\t\t\t\t\t\t\t\t\t<a href=\"https:\/\/www.thomasbrioche.com\/wp-content\/uploads\/2019\/12\/Salle-de-R\u00e9union_THOMAS-BRIOCHE.png\" data-lightbox=\"sevgallery-1164172558\" data-title=\"Salle-de-R\u00e9union_THOMAS-BRIOCHE\" title=\"Enlarge\">\n\t\t\t\t\t\t\n\t\t\t\t\t\t<img decoding=\"async\" class=\"d-block w-100\" src=\"https:\/\/www.thomasbrioche.com\/wp-content\/uploads\/2019\/12\/Salle-de-R\u00e9union_THOMAS-BRIOCHE.png\" alt=\"Meeting-room_THOMAS-BRIOCHE\" desc=\"\">\n\n\t\t\t\t\t\t\t\t\t\t\t\t\t<span class=\"fullscreen\">\n\t\t\t\t\t\t\t\t<i class=\"fas fa-search-plus\" aria-hidden=\"true\"><\/i>\n\t\t\t\t\t\t\t<\/span>\n\t\t\t\t\t\t\n\t\t\t\t\t\t\n\t\t\t\t\t\t\t\t\t\t\t\t<\/a>\n\t\t\t\t\t\t\t\t\t\t\t<\/div>\n\t\t\t\t\t\t\t\t\t\t\t\t\t\t\t\t\t\t\t<div class=\"carousel-item\">\n\t\t\t\t\t\t\t\t\t\t\t\t<a href=\"https:\/\/www.thomasbrioche.com\/wp-content\/uploads\/2019\/12\/Salle-de-R\u00e9union_THOMAS-BRIOCHE-2.png\" data-lightbox=\"sevgallery-1164172558\" data-title=\"Salle-de-R\u00e9union_THOMAS-BRIOCHE-2\" title=\"Enlarge\">\n\t\t\t\t\t\t\n\t\t\t\t\t\t<img decoding=\"async\" class=\"d-block w-100\" src=\"https:\/\/www.thomasbrioche.com\/wp-content\/uploads\/2019\/12\/Salle-de-R\u00e9union_THOMAS-BRIOCHE-2.png\" alt=\"Meeting-room_THOMAS-BRIOCHE-2\" desc=\"\">\n\n\t\t\t\t\t\t\t\t\t\t\t\t\t<span class=\"fullscreen\">\n\t\t\t\t\t\t\t\t<i class=\"fas fa-search-plus\" aria-hidden=\"true\"><\/i>\n\t\t\t\t\t\t\t<\/span>\n\t\t\t\t\t\t\n\t\t\t\t\t\t\n\t\t\t\t\t\t\t\t\t\t\t\t<\/a>\n\t\t\t\t\t\t\t\t\t\t\t<\/div>\n\t\t\t\t\t\t\t\t\t\t\t\t\t\t\t\t\t\t\t<div class=\"carousel-item\">\n\t\t\t\t\t\t\t\t\t\t\t\t<a href=\"https:\/\/www.thomasbrioche.com\/wp-content\/uploads\/2019\/12\/Salle-de-R\u00e9union_THOMAS-BRIOCHE-3.png\" data-lightbox=\"sevgallery-1164172558\" data-title=\"Salle-de-R\u00e9union_THOMAS-BRIOCHE-3\" title=\"Enlarge\">\n\t\t\t\t\t\t\n\t\t\t\t\t\t<img decoding=\"async\" class=\"d-block w-100\" src=\"https:\/\/www.thomasbrioche.com\/wp-content\/uploads\/2019\/12\/Salle-de-R\u00e9union_THOMAS-BRIOCHE-3.png\" alt=\"Meeting-room_THOMAS-BRIOCHE-3\" desc=\"\">\n\n\t\t\t\t\t\t\t\t\t\t\t\t\t<span class=\"fullscreen\">\n\t\t\t\t\t\t\t\t<i class=\"fas fa-search-plus\" aria-hidden=\"true\"><\/i>\n\t\t\t\t\t\t\t<\/span>\n\t\t\t\t\t\t\n\t\t\t\t\t\t\n\t\t\t\t\t\t\t\t\t\t\t\t<\/a>\n\t\t\t\t\t\t\t\t\t\t\t<\/div>\n\t\t\t\t\t\t\t\t\t\t\t\t<\/div>\n\n\t\t\t\t\t\t<a class=\"carousel-control-prev\" href=\"#sevgallery-1164172558\" role=\"button\" data-slide=\"prev\">\n\t\t\t\t<span class=\"carousel-control-prev-icon\" aria-hidden=\"true\"><\/span>\n\t\t\t\t<span class=\"sr-only\">Previous<\/span>\n\t\t\t<\/a>\n\t\t\t<a class=\"carousel-control-next\" href=\"#sevgallery-1164172558\" role=\"button\" data-slide=\"next\">\n\t\t\t\t<span class=\"carousel-control-next-icon\" aria-hidden=\"true\"><\/span>\n\t\t\t\t<span class=\"sr-only\">Next<\/span>\n\t\t\t<\/a>\n\t\t\t\n\t\t\t\t\t\t<ol class=\"carousel-indicators\">\n\t\t\t\t\t\t\t\t\t\t\t\t\t\t\t\t\t\t<li data-target=\"#sevgallery-1164172558\" data-slide-to=\"0\" class=\"&quot;active&quot;\"><\/li>\n\t\t\t\t\t\t\t\t\t\t\t\t\t\t\t\t\t\t<li data-target=\"#sevgallery-1164172558\" data-slide-to=\"1\"><\/li>\n\t\t\t\t\t\t\t\t\t\t\t\t\t\t\t\t\t\t<li data-target=\"#sevgallery-1164172558\" data-slide-to=\"2\"><\/li>\n\t\t\t\t\t\t\t\t\t\t\t<\/ol>\n\t\t\t\t\t<\/div>\n\t\t\n<\/div>\n<\/div>\n\n\n\n<hr class=\"wp-block-separator has-alpha-channel-opacity is-style-wide\"\/>\n\n\n\n<div style=\"height:22px\" aria-hidden=\"true\" class=\"wp-block-spacer\"><\/div>\n\n\n\n<h2 class=\"wp-block-heading has-text-align-center\">Contact us<\/h2>\n\n\n\n<div class=\"wp-block-columns is-layout-flex wp-container-core-columns-is-layout-9d6595d7 wp-block-columns-is-layout-flex\">\n<div class=\"wp-block-column is-layout-flow wp-block-column-is-layout-flow\">\n<p class=\"has-text-align-center\" style=\"font-size:22px\"><strong>OPEN MONDAY TO SATURDAY<\/strong><\/p>\n\n\n\n<p class=\"has-text-align-center\" style=\"font-size:22px\"><strong>From 7.00 am to 7.00 pm<\/strong><\/p>\n<\/div>\n\n\n\n<div class=\"wp-block-column is-layout-flow wp-block-column-is-layout-flow\">\n<p class=\"has-text-align-center\" style=\"font-size:22px\"><\/p>\n\n\n\n<p class=\"has-text-align-center\" style=\"font-size:22px\"><strong>02 28 97 99 43<\/strong><\/p>\n<\/div>\n\n\n\n<div class=\"wp-block-column is-layout-flow wp-block-column-is-layout-flow\">\n<p class=\"has-text-align-center\" style=\"font-size:22px\"><strong>La Mongie Business Park, Les Essarts<\/strong><\/p>\n\n\n\n<p class=\"has-text-align-center\" style=\"font-size:22px\"><strong>85 140 ESSARTS EN BOCAGE<\/strong><\/p>\n<\/div>\n<\/div>\n\n\n\n<iframe src=\"https:\/\/www.google.com\/maps\/embed?pb=!4v1657029574522!6m8!1m7!1sKxZHL1tn3Rg-kIulPCDTZw!2m2!1d46.78645681048749!2d-1.191368713115395!3f150.22179035046756!4f-0.6753478042673748!5f1.0354621999416618\" width=\"1500\" height=\"500\" style=\"border:0;\" allowfullscreen=\"\" loading=\"lazy\" referrerpolicy=\"no-referrer-when-downgrade\"><\/iframe>\n\n\n\n<iframe loading=\"lazy\" src=\"https:\/\/www.google.com\/maps\/embed?pb=!1m18!1m12!1m3!1d2731.9234583708962!2d-1.1932725838808893!3d46.78611257913874!2m3!1f0!2f0!3f0!3m2!1i1024!2i768!4f13.1!3m3!1m2!1s0x48068723cc099743%3A0xd82da9a50504975e!2sEspace%20Boutique%20Thomas%20Brioches%20Boulangerie%20Snack!5e0!3m2!1sfr!2sfr!4v1572274420393!5m2!1sfr!2sfr\" width=\"1500\" height=\"500\" frameborder=\"0\" style=\"border:0;\" allowfullscreen=\"\"><\/iframe>","protected":false},"excerpt":{"rendered":"<p>Un espace boutique Plongez dans la tradition vend\u00e9enne \u00e0 l\u2019Espace Boutique Thomas Brioche ! Brioches et g\u00e2ches Maline Thomas, sp\u00e9cialit\u00e9s artisanales, et une s\u00e9lection de produits du terroir vous attendent : confitures, sardines, mogettes, bi\u00e8res vend\u00e9ennes et bien plus. Offrez ou savourez un concentr\u00e9 d&rsquo;authenticit\u00e9 made in Vend\u00e9e ! Un espace snacking La pause gourmande [&hellip;]<\/p>\n","protected":false},"author":2,"featured_media":0,"parent":0,"menu_order":0,"comment_status":"closed","ping_status":"closed","template":"","meta":{"footnotes":""},"class_list":["post-490","page","type-page","status-publish","hentry"],"yoast_head":"<!-- This site is optimized with the Yoast SEO plugin v27.5 - https:\/\/yoast.com\/product\/yoast-seo-wordpress\/ -->\n<title>ESPACE THOMAS BRIOCHE - Thomas Brioche<\/title>\n<meta name=\"description\" content=\"Vente de produits de tradition boulang\u00e8re pour vos repas sur le pouce, pour chez vous ou pour vos \u00e9v\u00e8nements (mariage, anniversaire...)\" \/>\n<meta name=\"robots\" content=\"index, follow, max-snippet:-1, max-image-preview:large, max-video-preview:-1\" \/>\n<link rel=\"canonical\" href=\"https:\/\/www.thomasbrioche.com\/en\/the-shop\/\" \/>\n<meta property=\"og:locale\" content=\"en_GB\" \/>\n<meta property=\"og:type\" content=\"article\" \/>\n<meta property=\"og:title\" content=\"ESPACE THOMAS BRIOCHE - Thomas Brioche\" \/>\n<meta property=\"og:description\" content=\"Vente de produits de tradition boulang\u00e8re pour vos repas sur le pouce, pour chez vous ou pour vos \u00e9v\u00e8nements (mariage, anniversaire...)\" \/>\n<meta property=\"og:url\" content=\"https:\/\/www.thomasbrioche.com\/en\/the-shop\/\" \/>\n<meta property=\"og:site_name\" content=\"Thomas Brioche\" \/>\n<meta property=\"article:modified_time\" content=\"2026-03-30T06:42:38+00:00\" \/>\n<meta property=\"og:image\" content=\"https:\/\/www.thomasbrioche.com\/wp-content\/uploads\/2019\/12\/BANDEAU-BOUTIQUE-THOMAS-BRIOCHE.png\" \/>\n\t<meta property=\"og:image:width\" content=\"1920\" \/>\n\t<meta property=\"og:image:height\" content=\"425\" \/>\n\t<meta property=\"og:image:type\" content=\"image\/png\" \/>\n<meta name=\"twitter:card\" content=\"summary_large_image\" \/>\n<meta name=\"twitter:label1\" content=\"Estimated reading time\" \/>\n\t<meta name=\"twitter:data1\" content=\"2 minutes\" \/>\n<script type=\"application\/ld+json\" class=\"yoast-schema-graph\">{\"@context\":\"https:\\\/\\\/schema.org\",\"@graph\":[{\"@type\":\"WebPage\",\"@id\":\"https:\\\/\\\/www.thomasbrioche.com\\\/la-boutique\\\/\",\"url\":\"https:\\\/\\\/www.thomasbrioche.com\\\/la-boutique\\\/\",\"name\":\"ESPACE THOMAS BRIOCHE - Thomas Brioche\",\"isPartOf\":{\"@id\":\"https:\\\/\\\/www.thomasbrioche.com\\\/#website\"},\"primaryImageOfPage\":{\"@id\":\"https:\\\/\\\/www.thomasbrioche.com\\\/la-boutique\\\/#primaryimage\"},\"image\":{\"@id\":\"https:\\\/\\\/www.thomasbrioche.com\\\/la-boutique\\\/#primaryimage\"},\"thumbnailUrl\":\"https:\\\/\\\/www.thomasbrioche.com\\\/wp-content\\\/uploads\\\/2019\\\/12\\\/BANDEAU-BOUTIQUE-THOMAS-BRIOCHE.png\",\"datePublished\":\"2019-11-27T13:19:06+00:00\",\"dateModified\":\"2026-03-30T06:42:38+00:00\",\"description\":\"Vente de produits de tradition boulang\u00e8re pour vos repas sur le pouce, pour chez vous ou pour vos \u00e9v\u00e8nements (mariage, anniversaire...)\",\"breadcrumb\":{\"@id\":\"https:\\\/\\\/www.thomasbrioche.com\\\/la-boutique\\\/#breadcrumb\"},\"inLanguage\":\"en-GB\",\"potentialAction\":[{\"@type\":\"ReadAction\",\"target\":[\"https:\\\/\\\/www.thomasbrioche.com\\\/la-boutique\\\/\"]}]},{\"@type\":\"ImageObject\",\"inLanguage\":\"en-GB\",\"@id\":\"https:\\\/\\\/www.thomasbrioche.com\\\/la-boutique\\\/#primaryimage\",\"url\":\"https:\\\/\\\/www.thomasbrioche.com\\\/wp-content\\\/uploads\\\/2019\\\/12\\\/BANDEAU-BOUTIQUE-THOMAS-BRIOCHE.png\",\"contentUrl\":\"https:\\\/\\\/www.thomasbrioche.com\\\/wp-content\\\/uploads\\\/2019\\\/12\\\/BANDEAU-BOUTIQUE-THOMAS-BRIOCHE.png\"},{\"@type\":\"BreadcrumbList\",\"@id\":\"https:\\\/\\\/www.thomasbrioche.com\\\/la-boutique\\\/#breadcrumb\",\"itemListElement\":[{\"@type\":\"ListItem\",\"position\":1,\"name\":\"Accueil\",\"item\":\"https:\\\/\\\/www.thomasbrioche.com\\\/\"},{\"@type\":\"ListItem\",\"position\":2,\"name\":\"ESPACE THOMAS BRIOCHE\"}]},{\"@type\":\"WebSite\",\"@id\":\"https:\\\/\\\/www.thomasbrioche.com\\\/#website\",\"url\":\"https:\\\/\\\/www.thomasbrioche.com\\\/\",\"name\":\"Thomas Brioche\",\"description\":\"Plus d&#039;un si\u00e8cle de tradition boulang\u00e8re\",\"potentialAction\":[{\"@type\":\"SearchAction\",\"target\":{\"@type\":\"EntryPoint\",\"urlTemplate\":\"https:\\\/\\\/www.thomasbrioche.com\\\/?s={search_term_string}\"},\"query-input\":{\"@type\":\"PropertyValueSpecification\",\"valueRequired\":true,\"valueName\":\"search_term_string\"}}],\"inLanguage\":\"en-GB\"}]}<\/script>\n<!-- \/ Yoast SEO plugin. -->","yoast_head_json":{"title":"ESPACE THOMAS BRIOCHE - Thomas Brioche","description":"Sale of traditional bakery products for your meals on the go, for your home or for your events (weddings, birthdays...).","robots":{"index":"index","follow":"follow","max-snippet":"max-snippet:-1","max-image-preview":"max-image-preview:large","max-video-preview":"max-video-preview:-1"},"canonical":"https:\/\/www.thomasbrioche.com\/en\/the-shop\/","og_locale":"en_GB","og_type":"article","og_title":"ESPACE THOMAS BRIOCHE - Thomas Brioche","og_description":"Vente de produits de tradition boulang\u00e8re pour vos repas sur le pouce, pour chez vous ou pour vos \u00e9v\u00e8nements (mariage, anniversaire...)","og_url":"https:\/\/www.thomasbrioche.com\/en\/the-shop\/","og_site_name":"Thomas Brioche","article_modified_time":"2026-03-30T06:42:38+00:00","og_image":[{"width":1920,"height":425,"url":"https:\/\/www.thomasbrioche.com\/wp-content\/uploads\/2019\/12\/BANDEAU-BOUTIQUE-THOMAS-BRIOCHE.png","type":"image\/png"}],"twitter_card":"summary_large_image","twitter_misc":{"Estimated reading time":"2 minutes"},"schema":{"@context":"https:\/\/schema.org","@graph":[{"@type":"WebPage","@id":"https:\/\/www.thomasbrioche.com\/la-boutique\/","url":"https:\/\/www.thomasbrioche.com\/la-boutique\/","name":"ESPACE THOMAS BRIOCHE - Thomas Brioche","isPartOf":{"@id":"https:\/\/www.thomasbrioche.com\/#website"},"primaryImageOfPage":{"@id":"https:\/\/www.thomasbrioche.com\/la-boutique\/#primaryimage"},"image":{"@id":"https:\/\/www.thomasbrioche.com\/la-boutique\/#primaryimage"},"thumbnailUrl":"https:\/\/www.thomasbrioche.com\/wp-content\/uploads\/2019\/12\/BANDEAU-BOUTIQUE-THOMAS-BRIOCHE.png","datePublished":"2019-11-27T13:19:06+00:00","dateModified":"2026-03-30T06:42:38+00:00","description":"Sale of traditional bakery products for your meals on the go, for your home or for your events (weddings, birthdays...).","breadcrumb":{"@id":"https:\/\/www.thomasbrioche.com\/la-boutique\/#breadcrumb"},"inLanguage":"en-GB","potentialAction":[{"@type":"ReadAction","target":["https:\/\/www.thomasbrioche.com\/la-boutique\/"]}]},{"@type":"ImageObject","inLanguage":"en-GB","@id":"https:\/\/www.thomasbrioche.com\/la-boutique\/#primaryimage","url":"https:\/\/www.thomasbrioche.com\/wp-content\/uploads\/2019\/12\/BANDEAU-BOUTIQUE-THOMAS-BRIOCHE.png","contentUrl":"https:\/\/www.thomasbrioche.com\/wp-content\/uploads\/2019\/12\/BANDEAU-BOUTIQUE-THOMAS-BRIOCHE.png"},{"@type":"BreadcrumbList","@id":"https:\/\/www.thomasbrioche.com\/la-boutique\/#breadcrumb","itemListElement":[{"@type":"ListItem","position":1,"name":"Accueil","item":"https:\/\/www.thomasbrioche.com\/"},{"@type":"ListItem","position":2,"name":"ESPACE THOMAS BRIOCHE"}]},{"@type":"WebSite","@id":"https:\/\/www.thomasbrioche.com\/#website","url":"https:\/\/www.thomasbrioche.com\/","name":"Thomas Brioche","description":"Over a century of baking tradition","potentialAction":[{"@type":"SearchAction","target":{"@type":"EntryPoint","urlTemplate":"https:\/\/www.thomasbrioche.com\/?s={search_term_string}"},"query-input":{"@type":"PropertyValueSpecification","valueRequired":true,"valueName":"search_term_string"}}],"inLanguage":"en-GB"}]}},"_links":{"self":[{"href":"https:\/\/www.thomasbrioche.com\/en\/wp-json\/wp\/v2\/pages\/490","targetHints":{"allow":["GET"]}}],"collection":[{"href":"https:\/\/www.thomasbrioche.com\/en\/wp-json\/wp\/v2\/pages"}],"about":[{"href":"https:\/\/www.thomasbrioche.com\/en\/wp-json\/wp\/v2\/types\/page"}],"author":[{"embeddable":true,"href":"https:\/\/www.thomasbrioche.com\/en\/wp-json\/wp\/v2\/users\/2"}],"replies":[{"embeddable":true,"href":"https:\/\/www.thomasbrioche.com\/en\/wp-json\/wp\/v2\/comments?post=490"}],"version-history":[{"count":44,"href":"https:\/\/www.thomasbrioche.com\/en\/wp-json\/wp\/v2\/pages\/490\/revisions"}],"predecessor-version":[{"id":6686,"href":"https:\/\/www.thomasbrioche.com\/en\/wp-json\/wp\/v2\/pages\/490\/revisions\/6686"}],"wp:attachment":[{"href":"https:\/\/www.thomasbrioche.com\/en\/wp-json\/wp\/v2\/media?parent=490"}],"curies":[{"name":"wp","href":"https:\/\/api.w.org\/{rel}","templated":true}]}}